{"id":1454,"date":"2023-02-17T11:00:46","date_gmt":"2023-02-17T11:00:46","guid":{"rendered":"https:\/\/nihoceramics.com\/title\/"},"modified":"2023-11-29T09:02:41","modified_gmt":"2023-11-29T09:02:41","slug":"title","status":"publish","type":"page","link":"https:\/\/nihoceramics.com\/es\/","title":{"rendered":"Taller de cer\u00e1mica"},"content":{"rendered":"<div class=\"fusion-fullwidth fullwidth-box fusion-builder-row-1 fusion-flex-container has-pattern-background has-mask-background fusion-parallax-fixed nonhundred-percent-fullwidth hundred-percent-height hundred-percent-height-center-content non-hundred-percent-height-scrolling lazyload\" style=\"--awb-border-radius-top-left:0px;--awb-border-radius-top-right:0px;--awb-border-radius-bottom-right:0px;--awb-border-radius-bottom-left:0px;--awb-background-color:rgba(255,255,255,0);--awb-background-size:cover;--awb-flex-wrap:wrap;background-attachment:fixed;\" data-bg=\"https:\/\/nihoceramics.com\/wp-content\/uploads\/2023\/02\/Title_nihoCeramics_1920x1220.jpg\" ><div class=\"fusion-builder-row fusion-row fusion-flex-align-items-center fusion-flex-justify-content-center fusion-flex-content-wrap\" style=\"max-width:calc( 1000px + 0px );margin-left: calc(-0px \/ 2 );margin-right: calc(-0px \/ 2 );\"><div class=\"fusion-layout-column fusion_builder_column fusion-builder-column-0 fusion_builder_column_2_3 2_3 fusion-flex-column fusion-flex-align-self-center\" style=\"--awb-bg-size:cover;--awb-width-large:66.666666666667%;--awb-margin-top-large:0px;--awb-spacing-right-large:0px;--awb-margin-bottom-large:20px;--awb-spacing-left-large:0px;--awb-width-medium:66.666666666667%;--awb-order-medium:0;--awb-spacing-right-medium:0px;--awb-spacing-left-medium:0px;--awb-width-small:100%;--awb-order-small:0;--awb-spacing-right-small:0px;--awb-spacing-left-small:0px;\"><div class=\"fusion-column-wrapper fusion-column-has-shadow fusion-flex-justify-content-flex-start fusion-content-layout-column\"><div class=\"fusion-image-element \" style=\"text-align:left;--awb-margin-top:150px;--awb-margin-bottom-small:0px;--awb-caption-title-font-family:var(--h2_typography-font-family);--awb-caption-title-font-weight:var(--h2_typography-font-weight);--awb-caption-title-font-style:var(--h2_typography-font-style);--awb-caption-title-size:var(--h2_typography-font-size);--awb-caption-title-transform:var(--h2_typography-text-transform);--awb-caption-title-line-height:var(--h2_typography-line-height);--awb-caption-title-letter-spacing:var(--h2_typography-letter-spacing);\"><span class=\" fusion-imageframe imageframe-none imageframe-1 hover-type-none\"><a class=\"fusion-no-lightbox\" href=\"https:\/\/nihoceramics.com\/es\/cursos\/\" target=\"_self\"><img decoding=\"async\" width=\"380\" height=\"380\" alt=\"Cursos de cer\u00e1mica\" src=\"data:image\/svg+xml,%3Csvg%20xmlns%3D%27http%3A%2F%2Fwww.w3.org%2F2000%2Fsvg%27%20width%3D%27380%27%20height%3D%27380%27%20viewBox%3D%270%200%20380%20380%27%3E%3Crect%20width%3D%27380%27%20height%3D%27380%27%20fill-opacity%3D%220%22%2F%3E%3C%2Fsvg%3E\" data-orig-src=\"https:\/\/nihoceramics.com\/wp-content\/uploads\/2023\/02\/Title_Crea.png\" class=\"lazyload img-responsive wp-image-1375\"\/><\/a><\/span><\/div><\/div><\/div><div class=\"fusion-layout-column fusion_builder_column fusion-builder-column-1 fusion_builder_column_1_3 1_3 fusion-flex-column fusion-flex-align-self-center\" style=\"--awb-bg-size:cover;--awb-width-large:33.333333333333%;--awb-margin-top-large:0px;--awb-spacing-right-large:0px;--awb-margin-bottom-large:20px;--awb-spacing-left-large:0px;--awb-width-medium:33.333333333333%;--awb-order-medium:0;--awb-spacing-right-medium:0px;--awb-spacing-left-medium:0px;--awb-width-small:100%;--awb-order-small:0;--awb-spacing-right-small:0px;--awb-spacing-left-small:0px;\"><div class=\"fusion-column-wrapper fusion-column-has-shadow fusion-flex-justify-content-center fusion-content-layout-column\"><div class=\"fusion-image-element \" style=\"text-align:left;--awb-margin-bottom:100px;--awb-margin-bottom-small:0px;--awb-caption-title-font-family:var(--h2_typography-font-family);--awb-caption-title-font-weight:var(--h2_typography-font-weight);--awb-caption-title-font-style:var(--h2_typography-font-style);--awb-caption-title-size:var(--h2_typography-font-size);--awb-caption-title-transform:var(--h2_typography-text-transform);--awb-caption-title-line-height:var(--h2_typography-line-height);--awb-caption-title-letter-spacing:var(--h2_typography-letter-spacing);\"><span class=\" fusion-imageframe imageframe-none imageframe-2 hover-type-none\"><a class=\"fusion-no-lightbox\" href=\"https:\/\/nihoceramics.com\/es\/colecciones\/\" target=\"_self\"><img decoding=\"async\" width=\"380\" height=\"380\" alt=\"Compra o encarga piezas de cer\u00e1mica\" src=\"data:image\/svg+xml,%3Csvg%20xmlns%3D%27http%3A%2F%2Fwww.w3.org%2F2000%2Fsvg%27%20width%3D%27380%27%20height%3D%27380%27%20viewBox%3D%270%200%20380%20380%27%3E%3Crect%20width%3D%27380%27%20height%3D%27380%27%20fill-opacity%3D%220%22%2F%3E%3C%2Fsvg%3E\" data-orig-src=\"https:\/\/nihoceramics.com\/wp-content\/uploads\/2023\/02\/Title_Pide.png\" class=\"lazyload img-responsive wp-image-1376\"\/><\/a><\/span><\/div><\/div><\/div><\/div><\/div>\n","protected":false},"excerpt":{"rendered":"","protected":false},"author":1,"featured_media":0,"parent":0,"menu_order":0,"comment_status":"closed","ping_status":"closed","template":"100-width.php","meta":{"nf_dc_page":"","content-type":"","footnotes":""},"class_list":["post-1454","page","type-page","status-publish","hentry"],"yoast_head":"<!-- This site is optimized with the Yoast SEO plugin v27.4 - https:\/\/yoast.com\/product\/yoast-seo-wordpress\/ -->\n<title>Cursos de cer\u00e1mica en Sant Pere de Ribes, Barcelona<\/title>\n<meta name=\"description\" content=\"Realice cursos de cer\u00e1mica en niho Ceramics Studio. Aprenda a lanzar en el torno de alfarer\u00eda. Encargue cer\u00e1mica artesanal personalizada. Visite la sala de exposiciones.\" \/>\n<meta name=\"robots\" content=\"index, follow, max-snippet:-1, max-image-preview:large, max-video-preview:-1\" \/>\n<link rel=\"canonical\" href=\"https:\/\/nihoceramics.com\/es\/\" \/>\n<meta property=\"og:locale\" content=\"es_ES\" \/>\n<meta property=\"og:type\" content=\"article\" \/>\n<meta property=\"og:title\" content=\"Cursos de cer\u00e1mica en Sant Pere de Ribes, Barcelona\" \/>\n<meta property=\"og:description\" content=\"Realice cursos de cer\u00e1mica en niho Ceramics Studio. Aprenda a lanzar en el torno de alfarer\u00eda. Encargue cer\u00e1mica artesanal personalizada. Visite la sala de exposiciones.\" \/>\n<meta property=\"og:url\" content=\"https:\/\/nihoceramics.com\/es\/\" \/>\n<meta property=\"og:site_name\" content=\"niho Ceramics\" \/>\n<meta property=\"article:publisher\" content=\"https:\/\/www.facebook.com\/niho.ceramics\" \/>\n<meta property=\"article:modified_time\" content=\"2023-11-29T09:02:41+00:00\" \/>\n<meta property=\"og:image\" content=\"https:\/\/nihoceramics.com\/wp-content\/uploads\/2022\/06\/Taller2_1920x1220.jpg\" \/>\n\t<meta property=\"og:image:width\" content=\"1600\" \/>\n\t<meta property=\"og:image:height\" content=\"1017\" \/>\n\t<meta property=\"og:image:type\" content=\"image\/jpeg\" \/>\n<meta name=\"twitter:card\" content=\"summary_large_image\" \/>\n<meta name=\"twitter:site\" content=\"@nihoceramics\" \/>\n<meta name=\"twitter:label1\" content=\"Tiempo de lectura\" \/>\n\t<meta name=\"twitter:data1\" content=\"3 minutos\" \/>\n<script type=\"application\/ld+json\" class=\"yoast-schema-graph\">{\"@context\":\"https:\\\/\\\/schema.org\",\"@graph\":[{\"@type\":\"WebPage\",\"@id\":\"https:\\\/\\\/nihoceramics.com\\\/es\\\/\",\"url\":\"https:\\\/\\\/nihoceramics.com\\\/es\\\/\",\"name\":\"Cursos de cer\u00e1mica en Sant Pere de Ribes, Barcelona\",\"isPartOf\":{\"@id\":\"https:\\\/\\\/nihoceramics.com\\\/es\\\/#website\"},\"datePublished\":\"2023-02-17T11:00:46+00:00\",\"dateModified\":\"2023-11-29T09:02:41+00:00\",\"description\":\"Realice cursos de cer\u00e1mica en niho Ceramics Studio. Aprenda a lanzar en el torno de alfarer\u00eda. Encargue cer\u00e1mica artesanal personalizada. Visite la sala de exposiciones.\",\"breadcrumb\":{\"@id\":\"https:\\\/\\\/nihoceramics.com\\\/es\\\/#breadcrumb\"},\"inLanguage\":\"es\",\"potentialAction\":[{\"@type\":\"ReadAction\",\"target\":[\"https:\\\/\\\/nihoceramics.com\\\/es\\\/\"]}]},{\"@type\":\"BreadcrumbList\",\"@id\":\"https:\\\/\\\/nihoceramics.com\\\/es\\\/#breadcrumb\",\"itemListElement\":[{\"@type\":\"ListItem\",\"position\":1,\"name\":\"Startseite\",\"item\":\"https:\\\/\\\/nihoceramics.com\\\/es\\\/title\\\/\"},{\"@type\":\"ListItem\",\"position\":2,\"name\":\"Taller de cer\u00e1mica\"}]},{\"@type\":\"WebSite\",\"@id\":\"https:\\\/\\\/nihoceramics.com\\\/es\\\/#website\",\"url\":\"https:\\\/\\\/nihoceramics.com\\\/es\\\/\",\"name\":\"niho Ceramics | Taller de Cer\u00e1mica\",\"description\":\"Ceramic Art Studio Sant Pere de Ribes, Barcelona\",\"publisher\":{\"@id\":\"https:\\\/\\\/nihoceramics.com\\\/es\\\/#organization\"},\"alternateName\":\"niho Ceramics\",\"potentialAction\":[{\"@type\":\"SearchAction\",\"target\":{\"@type\":\"EntryPoint\",\"urlTemplate\":\"https:\\\/\\\/nihoceramics.com\\\/es\\\/?s={search_term_string}\"},\"query-input\":{\"@type\":\"PropertyValueSpecification\",\"valueRequired\":true,\"valueName\":\"search_term_string\"}}],\"inLanguage\":\"es\"},{\"@type\":\"Organization\",\"@id\":\"https:\\\/\\\/nihoceramics.com\\\/es\\\/#organization\",\"name\":\"niho Ceramics | Taller de Cer\u00e1mica\",\"alternateName\":\"niho Ceramics\",\"url\":\"https:\\\/\\\/nihoceramics.com\\\/es\\\/\",\"logo\":{\"@type\":\"ImageObject\",\"inLanguage\":\"es\",\"@id\":\"https:\\\/\\\/nihoceramics.com\\\/es\\\/#\\\/schema\\\/logo\\\/image\\\/\",\"url\":\"https:\\\/\\\/nihoceramics.com\\\/wp-content\\\/uploads\\\/2023\\\/02\\\/niho_TallerCeramica-1.png\",\"contentUrl\":\"https:\\\/\\\/nihoceramics.com\\\/wp-content\\\/uploads\\\/2023\\\/02\\\/niho_TallerCeramica-1.png\",\"width\":596,\"height\":596,\"caption\":\"niho Ceramics | Taller de Cer\u00e1mica\"},\"image\":{\"@id\":\"https:\\\/\\\/nihoceramics.com\\\/es\\\/#\\\/schema\\\/logo\\\/image\\\/\"},\"sameAs\":[\"https:\\\/\\\/www.facebook.com\\\/niho.ceramics\",\"https:\\\/\\\/x.com\\\/nihoceramics\",\"https:\\\/\\\/www.instagram.com\\\/niho.ceramics\\\/\",\"https:\\\/\\\/www.pinterest.com\\\/nihoceramics\\\/\"]}]}<\/script>\n<!-- \/ Yoast SEO plugin. -->","yoast_head_json":{"title":"Cursos de cer\u00e1mica en Sant Pere de Ribes, Barcelona","description":"Realice cursos de cer\u00e1mica en niho Ceramics Studio. Aprenda a lanzar en el torno de alfarer\u00eda. Encargue cer\u00e1mica artesanal personalizada. Visite la sala de exposiciones.","robots":{"index":"index","follow":"follow","max-snippet":"max-snippet:-1","max-image-preview":"max-image-preview:large","max-video-preview":"max-video-preview:-1"},"canonical":"https:\/\/nihoceramics.com\/es\/","og_locale":"es_ES","og_type":"article","og_title":"Cursos de cer\u00e1mica en Sant Pere de Ribes, Barcelona","og_description":"Realice cursos de cer\u00e1mica en niho Ceramics Studio. Aprenda a lanzar en el torno de alfarer\u00eda. Encargue cer\u00e1mica artesanal personalizada. Visite la sala de exposiciones.","og_url":"https:\/\/nihoceramics.com\/es\/","og_site_name":"niho Ceramics","article_publisher":"https:\/\/www.facebook.com\/niho.ceramics","article_modified_time":"2023-11-29T09:02:41+00:00","og_image":[{"width":1600,"height":1017,"url":"https:\/\/nihoceramics.com\/wp-content\/uploads\/2022\/06\/Taller2_1920x1220.jpg","type":"image\/jpeg"}],"twitter_card":"summary_large_image","twitter_site":"@nihoceramics","twitter_misc":{"Tiempo de lectura":"3 minutos"},"schema":{"@context":"https:\/\/schema.org","@graph":[{"@type":"WebPage","@id":"https:\/\/nihoceramics.com\/es\/","url":"https:\/\/nihoceramics.com\/es\/","name":"Cursos de cer\u00e1mica en Sant Pere de Ribes, Barcelona","isPartOf":{"@id":"https:\/\/nihoceramics.com\/es\/#website"},"datePublished":"2023-02-17T11:00:46+00:00","dateModified":"2023-11-29T09:02:41+00:00","description":"Realice cursos de cer\u00e1mica en niho Ceramics Studio. Aprenda a lanzar en el torno de alfarer\u00eda. Encargue cer\u00e1mica artesanal personalizada. Visite la sala de exposiciones.","breadcrumb":{"@id":"https:\/\/nihoceramics.com\/es\/#breadcrumb"},"inLanguage":"es","potentialAction":[{"@type":"ReadAction","target":["https:\/\/nihoceramics.com\/es\/"]}]},{"@type":"BreadcrumbList","@id":"https:\/\/nihoceramics.com\/es\/#breadcrumb","itemListElement":[{"@type":"ListItem","position":1,"name":"Startseite","item":"https:\/\/nihoceramics.com\/es\/title\/"},{"@type":"ListItem","position":2,"name":"Taller de cer\u00e1mica"}]},{"@type":"WebSite","@id":"https:\/\/nihoceramics.com\/es\/#website","url":"https:\/\/nihoceramics.com\/es\/","name":"niho Ceramics | Taller de Cer\u00e1mica","description":"Ceramic Art Studio Sant Pere de Ribes, Barcelona","publisher":{"@id":"https:\/\/nihoceramics.com\/es\/#organization"},"alternateName":"niho Ceramics","potentialAction":[{"@type":"SearchAction","target":{"@type":"EntryPoint","urlTemplate":"https:\/\/nihoceramics.com\/es\/?s={search_term_string}"},"query-input":{"@type":"PropertyValueSpecification","valueRequired":true,"valueName":"search_term_string"}}],"inLanguage":"es"},{"@type":"Organization","@id":"https:\/\/nihoceramics.com\/es\/#organization","name":"niho Ceramics | Taller de Cer\u00e1mica","alternateName":"niho Ceramics","url":"https:\/\/nihoceramics.com\/es\/","logo":{"@type":"ImageObject","inLanguage":"es","@id":"https:\/\/nihoceramics.com\/es\/#\/schema\/logo\/image\/","url":"https:\/\/nihoceramics.com\/wp-content\/uploads\/2023\/02\/niho_TallerCeramica-1.png","contentUrl":"https:\/\/nihoceramics.com\/wp-content\/uploads\/2023\/02\/niho_TallerCeramica-1.png","width":596,"height":596,"caption":"niho Ceramics | Taller de Cer\u00e1mica"},"image":{"@id":"https:\/\/nihoceramics.com\/es\/#\/schema\/logo\/image\/"},"sameAs":["https:\/\/www.facebook.com\/niho.ceramics","https:\/\/x.com\/nihoceramics","https:\/\/www.instagram.com\/niho.ceramics\/","https:\/\/www.pinterest.com\/nihoceramics\/"]}]}},"_links":{"self":[{"href":"https:\/\/nihoceramics.com\/es\/wp-json\/wp\/v2\/pages\/1454","targetHints":{"allow":["GET"]}}],"collection":[{"href":"https:\/\/nihoceramics.com\/es\/wp-json\/wp\/v2\/pages"}],"about":[{"href":"https:\/\/nihoceramics.com\/es\/wp-json\/wp\/v2\/types\/page"}],"author":[{"embeddable":true,"href":"https:\/\/nihoceramics.com\/es\/wp-json\/wp\/v2\/users\/1"}],"replies":[{"embeddable":true,"href":"https:\/\/nihoceramics.com\/es\/wp-json\/wp\/v2\/comments?post=1454"}],"version-history":[{"count":23,"href":"https:\/\/nihoceramics.com\/es\/wp-json\/wp\/v2\/pages\/1454\/revisions"}],"predecessor-version":[{"id":1945,"href":"https:\/\/nihoceramics.com\/es\/wp-json\/wp\/v2\/pages\/1454\/revisions\/1945"}],"wp:attachment":[{"href":"https:\/\/nihoceramics.com\/es\/wp-json\/wp\/v2\/media?parent=1454"}],"curies":[{"name":"wp","href":"https:\/\/api.w.org\/{rel}","templated":true}]}}