{"id":2109,"date":"2024-04-29T09:12:47","date_gmt":"2024-04-29T08:12:47","guid":{"rendered":"https:\/\/nihoceramics.com\/terminos-y-condiciones\/"},"modified":"2024-07-08T15:15:28","modified_gmt":"2024-07-08T14:15:28","slug":"terminos-y-condiciones","status":"publish","type":"page","link":"https:\/\/nihoceramics.com\/es\/terminos-y-condiciones\/","title":{"rendered":"T\u00e9rminos y condiciones"},"content":{"rendered":"<div class=\"fusion-fullwidth fullwidth-box fusion-builder-row-1 has-pattern-background has-mask-background nonhundred-percent-fullwidth non-hundred-percent-height-scrolling\" style=\"--awb-border-radius-top-left:0px;--awb-border-radius-top-right:0px;--awb-border-radius-bottom-right:0px;--awb-border-radius-bottom-left:0px;--awb-background-color:rgba(255,255,255,0);--awb-flex-wrap:wrap;\" ><div class=\"fusion-builder-row fusion-row\"><div class=\"fusion-layout-column fusion_builder_column fusion-builder-column-0 fusion_builder_column_1_1 1_1 fusion-one-full fusion-column-first fusion-column-last\" style=\"--awb-bg-size:cover;\" data-scroll-devices=\"small-visibility,medium-visibility,large-visibility\"><div class=\"fusion-column-wrapper fusion-column-has-shadow fusion-flex-column-wrapper-legacy\"><div class=\"fusion-text fusion-text-1\"><h1 class=\"p1\">T\u00e9rminos y condiciones<\/h1>\n<p class=\"p2\">\u00a1Bienvenido al taller! Por favor, t\u00f3mate un momento para revisar estas normativas y asegurar una experiencia agradable para todos, priorizando la seguridad y el funcionamiento del taller.<\/p>\n<p class=\"p4\"><b>Pago:<\/b><\/p>\n<ul class=\"ul1\">\n<li class=\"li2\">Por favor, abona las tarifas de las clases mensuales <b>antes del d\u00eda 5<\/b> de cada mes, cubriendo cuatro sesiones.<\/li>\n<\/ul>\n<p class=\"p4\"><b>Asistencia a Clases y Recuperaci\u00f3n:<\/b><\/p>\n<ul class=\"ul1\">\n<li class=\"li2\">En caso de no poder asistir, av\u00edsame con al menos <b>12 horas de antelaci\u00f3n<\/b> para reprogramar.<\/li>\n<li class=\"li2\"><b>Las clases perdidas sin aviso previo se considerar\u00e1n asistidas.<\/b><\/li>\n<li class=\"li2\">Puedes recuperar una clase al mes en el mismo o el siguiente mes, excepto en meses con cinco sesiones.<\/li>\n<li class=\"li2\">No es posible acumular clases de recuperaci\u00f3n.<\/li>\n<li class=\"li2\">Ten en cuenta que la disponibilidad para usar el torno puede ser limitada; puedes usar la clase para decorar y esmaltar tus piezas.<\/li>\n<\/ul>\n<p class=\"p4\"><b>Finalizaci\u00f3n del Curso Mensual:<\/b><\/p>\n<ul class=\"ul1\">\n<li class=\"li2\">Av\u00edsame con al menos <b>una semana de antelaci\u00f3n<\/b> si deseas finalizar tu curso mensual.<\/li>\n<li class=\"li2\">Las piezas sin terminar pueden ser esmaltadas y horneadas por tarifas adicionales. Alternativamente, puedes reservar una sesi\u00f3n individual para esmaltarlas t\u00fa mismo. Tambi\u00e9n puedes guardar la \u00faltima clase para un momento posterior para esmaltar el resto de tus piezas.<\/li>\n<li class=\"li2\">Las piezas deben ser recogidas dentro de un mes despu\u00e9s de recibir una notificaci\u00f3n de que est\u00e1n listas para ser recogidas; de lo contrario, ser\u00e1n descartadas.<\/li>\n<\/ul>\n<p class=\"p4\"><b>Pol\u00edtica de Reembolsos:<\/b><\/p>\n<ul class=\"ul1\">\n<li class=\"li2\">No se dar\u00e1n reembolsos por las clases mensuales en caso de que decidas dejar las clases antes de que termine el mes.<\/li>\n<li class=\"li2\">No se dar\u00e1 reembolso por clases no utilizadas cuando compres un bono.<\/li>\n<li class=\"li2\">Los vales de regalo no pueden ser reembolsados.<\/li>\n<li class=\"li2\">En el caso de talleres o eventos privados, se dar\u00e1 un reembolso completo hasta siete d\u00edas antes del taller. Para cancelaciones hasta 72 horas antes del taller, se proporcionar\u00e1 un reembolso del 50%. No se dar\u00e1 reembolso para cancelaciones dentro de las 72 horas antes del taller.<\/li>\n<\/ul>\n<p class=\"p4\"><b>Arcilla:<\/b><\/p>\n<ul class=\"ul1\">\n<li class=\"li2\">Solo se permite arcilla de gres de alta temperatura de niho Ceramics por razones de seguridad durante la cocci\u00f3n.<\/li>\n<\/ul>\n<p class=\"p4\"><b>Esmaltes y Engobes:<\/b><\/p>\n<ul class=\"ul1\">\n<li class=\"li2\">Ofrecemos una variedad de esmaltes y engobes para decoraci\u00f3n.<\/li>\n<li class=\"li2\">Los engobes son ideales para patrones y dise\u00f1os, no para cubrir completamente las piezas.<\/li>\n<li class=\"li2\">Puedes traer tus propios esmaltes, siempre que cumplan con los requisitos de cocci\u00f3n (1240 \u00b0C).<\/li>\n<\/ul>\n<p class=\"p4\"><b>Tama\u00f1o de las Piezas:<\/b><\/p>\n<ul class=\"ul1\">\n<li class=\"li2\">Los costos de cocci\u00f3n est\u00e1n incluidos, pero las piezas que excedan los 20 cm en cualquier dimensi\u00f3n incurrir\u00e1n en cargos adicionales.<\/li>\n<li class=\"li2\">Por favor, pregunta sobre los costos de cocci\u00f3n para piezas m\u00e1s grandes <b>antes de comenzar.<\/b><\/li>\n<\/ul>\n<p class=\"p4\"><b>Da\u00f1os o P\u00e9rdidas:<\/b><\/p>\n<ul class=\"ul1\">\n<li class=\"li2\">Aunque manejamos las piezas con m\u00e1ximo cuidado, pueden ocurrir accidentes durante la producci\u00f3n.<\/li>\n<li class=\"li2\">Firma tus piezas para una identificaci\u00f3n f\u00e1cil.<\/li>\n<li class=\"li2\">niho Ceramics no se hace responsable por p\u00e9rdidas o roturas.<\/li>\n<\/ul>\n<\/div><div class=\"fusion-clearfix\"><\/div><\/div><\/div><\/div><\/div>\n","protected":false},"excerpt":{"rendered":"","protected":false},"author":1,"featured_media":0,"parent":0,"menu_order":0,"comment_status":"closed","ping_status":"open","template":"","meta":{"nf_dc_page":"","content-type":"","footnotes":""},"class_list":["post-2109","page","type-page","status-publish","hentry"],"yoast_head":"<!-- This site is optimized with the Yoast SEO plugin v27.4 - https:\/\/yoast.com\/product\/yoast-seo-wordpress\/ -->\n<title>T\u00e9rminos y condiciones | niho Ceramics<\/title>\n<meta name=\"description\" content=\"T\u00e9rminos y condiciones | niho Ceramics\" \/>\n<meta name=\"robots\" content=\"noindex, nofollow\" \/>\n<meta property=\"og:locale\" content=\"es_ES\" \/>\n<meta property=\"og:type\" content=\"article\" \/>\n<meta property=\"og:title\" content=\"T\u00e9rminos y condiciones | niho Ceramics\" \/>\n<meta property=\"og:description\" content=\"T\u00e9rminos y condiciones | niho Ceramics\" \/>\n<meta property=\"og:url\" content=\"https:\/\/nihoceramics.com\/es\/terminos-y-condiciones\/\" \/>\n<meta property=\"og:site_name\" content=\"niho Ceramics\" \/>\n<meta property=\"article:publisher\" content=\"https:\/\/www.facebook.com\/niho.ceramics\" \/>\n<meta property=\"article:modified_time\" content=\"2024-07-08T14:15:28+00:00\" \/>\n<meta property=\"og:image\" content=\"https:\/\/nihoceramics.com\/wp-content\/uploads\/2022\/06\/Taller2_1920x1220.jpg\" \/>\n\t<meta property=\"og:image:width\" content=\"1600\" \/>\n\t<meta property=\"og:image:height\" content=\"1017\" \/>\n\t<meta property=\"og:image:type\" content=\"image\/jpeg\" \/>\n<meta name=\"twitter:card\" content=\"summary_large_image\" \/>\n<meta name=\"twitter:site\" content=\"@nihoceramics\" \/>\n<meta name=\"twitter:label1\" content=\"Tiempo de lectura\" \/>\n\t<meta name=\"twitter:data1\" content=\"2 minutos\" \/>\n<script type=\"application\/ld+json\" class=\"yoast-schema-graph\">{\"@context\":\"https:\\\/\\\/schema.org\",\"@graph\":[{\"@type\":\"WebPage\",\"@id\":\"https:\\\/\\\/nihoceramics.com\\\/es\\\/terminos-y-condiciones\\\/\",\"url\":\"https:\\\/\\\/nihoceramics.com\\\/es\\\/terminos-y-condiciones\\\/\",\"name\":\"T\u00e9rminos y condiciones | niho Ceramics\",\"isPartOf\":{\"@id\":\"https:\\\/\\\/nihoceramics.com\\\/es\\\/#website\"},\"datePublished\":\"2024-04-29T08:12:47+00:00\",\"dateModified\":\"2024-07-08T14:15:28+00:00\",\"description\":\"T\u00e9rminos y condiciones | niho Ceramics\",\"breadcrumb\":{\"@id\":\"https:\\\/\\\/nihoceramics.com\\\/es\\\/terminos-y-condiciones\\\/#breadcrumb\"},\"inLanguage\":\"es\",\"potentialAction\":[{\"@type\":\"ReadAction\",\"target\":[\"https:\\\/\\\/nihoceramics.com\\\/es\\\/terminos-y-condiciones\\\/\"]}]},{\"@type\":\"BreadcrumbList\",\"@id\":\"https:\\\/\\\/nihoceramics.com\\\/es\\\/terminos-y-condiciones\\\/#breadcrumb\",\"itemListElement\":[{\"@type\":\"ListItem\",\"position\":1,\"name\":\"Startseite\",\"item\":\"https:\\\/\\\/nihoceramics.com\\\/es\\\/title\\\/\"},{\"@type\":\"ListItem\",\"position\":2,\"name\":\"T\u00e9rminos y condiciones\"}]},{\"@type\":\"WebSite\",\"@id\":\"https:\\\/\\\/nihoceramics.com\\\/es\\\/#website\",\"url\":\"https:\\\/\\\/nihoceramics.com\\\/es\\\/\",\"name\":\"niho Ceramics | Taller de Cer\u00e1mica\",\"description\":\"Ceramic Art Studio Sant Pere de Ribes, Barcelona\",\"publisher\":{\"@id\":\"https:\\\/\\\/nihoceramics.com\\\/es\\\/#organization\"},\"alternateName\":\"niho Ceramics\",\"potentialAction\":[{\"@type\":\"SearchAction\",\"target\":{\"@type\":\"EntryPoint\",\"urlTemplate\":\"https:\\\/\\\/nihoceramics.com\\\/es\\\/?s={search_term_string}\"},\"query-input\":{\"@type\":\"PropertyValueSpecification\",\"valueRequired\":true,\"valueName\":\"search_term_string\"}}],\"inLanguage\":\"es\"},{\"@type\":\"Organization\",\"@id\":\"https:\\\/\\\/nihoceramics.com\\\/es\\\/#organization\",\"name\":\"niho Ceramics | Taller de Cer\u00e1mica\",\"alternateName\":\"niho Ceramics\",\"url\":\"https:\\\/\\\/nihoceramics.com\\\/es\\\/\",\"logo\":{\"@type\":\"ImageObject\",\"inLanguage\":\"es\",\"@id\":\"https:\\\/\\\/nihoceramics.com\\\/es\\\/#\\\/schema\\\/logo\\\/image\\\/\",\"url\":\"https:\\\/\\\/nihoceramics.com\\\/wp-content\\\/uploads\\\/2023\\\/02\\\/niho_TallerCeramica-1.png\",\"contentUrl\":\"https:\\\/\\\/nihoceramics.com\\\/wp-content\\\/uploads\\\/2023\\\/02\\\/niho_TallerCeramica-1.png\",\"width\":596,\"height\":596,\"caption\":\"niho Ceramics | Taller de Cer\u00e1mica\"},\"image\":{\"@id\":\"https:\\\/\\\/nihoceramics.com\\\/es\\\/#\\\/schema\\\/logo\\\/image\\\/\"},\"sameAs\":[\"https:\\\/\\\/www.facebook.com\\\/niho.ceramics\",\"https:\\\/\\\/x.com\\\/nihoceramics\",\"https:\\\/\\\/www.instagram.com\\\/niho.ceramics\\\/\",\"https:\\\/\\\/www.pinterest.com\\\/nihoceramics\\\/\"]}]}<\/script>\n<!-- \/ Yoast SEO plugin. -->","yoast_head_json":{"title":"T\u00e9rminos y condiciones | niho Ceramics","description":"T\u00e9rminos y condiciones | niho Ceramics","robots":{"index":"noindex","follow":"nofollow"},"og_locale":"es_ES","og_type":"article","og_title":"T\u00e9rminos y condiciones | niho Ceramics","og_description":"T\u00e9rminos y condiciones | niho Ceramics","og_url":"https:\/\/nihoceramics.com\/es\/terminos-y-condiciones\/","og_site_name":"niho Ceramics","article_publisher":"https:\/\/www.facebook.com\/niho.ceramics","article_modified_time":"2024-07-08T14:15:28+00:00","og_image":[{"width":1600,"height":1017,"url":"https:\/\/nihoceramics.com\/wp-content\/uploads\/2022\/06\/Taller2_1920x1220.jpg","type":"image\/jpeg"}],"twitter_card":"summary_large_image","twitter_site":"@nihoceramics","twitter_misc":{"Tiempo de lectura":"2 minutos"},"schema":{"@context":"https:\/\/schema.org","@graph":[{"@type":"WebPage","@id":"https:\/\/nihoceramics.com\/es\/terminos-y-condiciones\/","url":"https:\/\/nihoceramics.com\/es\/terminos-y-condiciones\/","name":"T\u00e9rminos y condiciones | niho Ceramics","isPartOf":{"@id":"https:\/\/nihoceramics.com\/es\/#website"},"datePublished":"2024-04-29T08:12:47+00:00","dateModified":"2024-07-08T14:15:28+00:00","description":"T\u00e9rminos y condiciones | niho Ceramics","breadcrumb":{"@id":"https:\/\/nihoceramics.com\/es\/terminos-y-condiciones\/#breadcrumb"},"inLanguage":"es","potentialAction":[{"@type":"ReadAction","target":["https:\/\/nihoceramics.com\/es\/terminos-y-condiciones\/"]}]},{"@type":"BreadcrumbList","@id":"https:\/\/nihoceramics.com\/es\/terminos-y-condiciones\/#breadcrumb","itemListElement":[{"@type":"ListItem","position":1,"name":"Startseite","item":"https:\/\/nihoceramics.com\/es\/title\/"},{"@type":"ListItem","position":2,"name":"T\u00e9rminos y condiciones"}]},{"@type":"WebSite","@id":"https:\/\/nihoceramics.com\/es\/#website","url":"https:\/\/nihoceramics.com\/es\/","name":"niho Ceramics | Taller de Cer\u00e1mica","description":"Ceramic Art Studio Sant Pere de Ribes, Barcelona","publisher":{"@id":"https:\/\/nihoceramics.com\/es\/#organization"},"alternateName":"niho Ceramics","potentialAction":[{"@type":"SearchAction","target":{"@type":"EntryPoint","urlTemplate":"https:\/\/nihoceramics.com\/es\/?s={search_term_string}"},"query-input":{"@type":"PropertyValueSpecification","valueRequired":true,"valueName":"search_term_string"}}],"inLanguage":"es"},{"@type":"Organization","@id":"https:\/\/nihoceramics.com\/es\/#organization","name":"niho Ceramics | Taller de Cer\u00e1mica","alternateName":"niho Ceramics","url":"https:\/\/nihoceramics.com\/es\/","logo":{"@type":"ImageObject","inLanguage":"es","@id":"https:\/\/nihoceramics.com\/es\/#\/schema\/logo\/image\/","url":"https:\/\/nihoceramics.com\/wp-content\/uploads\/2023\/02\/niho_TallerCeramica-1.png","contentUrl":"https:\/\/nihoceramics.com\/wp-content\/uploads\/2023\/02\/niho_TallerCeramica-1.png","width":596,"height":596,"caption":"niho Ceramics | Taller de Cer\u00e1mica"},"image":{"@id":"https:\/\/nihoceramics.com\/es\/#\/schema\/logo\/image\/"},"sameAs":["https:\/\/www.facebook.com\/niho.ceramics","https:\/\/x.com\/nihoceramics","https:\/\/www.instagram.com\/niho.ceramics\/","https:\/\/www.pinterest.com\/nihoceramics\/"]}]}},"_links":{"self":[{"href":"https:\/\/nihoceramics.com\/es\/wp-json\/wp\/v2\/pages\/2109","targetHints":{"allow":["GET"]}}],"collection":[{"href":"https:\/\/nihoceramics.com\/es\/wp-json\/wp\/v2\/pages"}],"about":[{"href":"https:\/\/nihoceramics.com\/es\/wp-json\/wp\/v2\/types\/page"}],"author":[{"embeddable":true,"href":"https:\/\/nihoceramics.com\/es\/wp-json\/wp\/v2\/users\/1"}],"replies":[{"embeddable":true,"href":"https:\/\/nihoceramics.com\/es\/wp-json\/wp\/v2\/comments?post=2109"}],"version-history":[{"count":5,"href":"https:\/\/nihoceramics.com\/es\/wp-json\/wp\/v2\/pages\/2109\/revisions"}],"predecessor-version":[{"id":2141,"href":"https:\/\/nihoceramics.com\/es\/wp-json\/wp\/v2\/pages\/2109\/revisions\/2141"}],"wp:attachment":[{"href":"https:\/\/nihoceramics.com\/es\/wp-json\/wp\/v2\/media?parent=2109"}],"curies":[{"name":"wp","href":"https:\/\/api.w.org\/{rel}","templated":true}]}}