{"id":1435,"date":"2020-04-14T15:43:19","date_gmt":"2020-04-14T15:43:19","guid":{"rendered":"https:\/\/nihoceramics.com\/products\/curso-de-modelado\/"},"modified":"2026-01-12T13:21:14","modified_gmt":"2026-01-12T12:21:14","slug":"curso-modelado","status":"publish","type":"product","link":"https:\/\/nihoceramics.com\/es\/products\/curso-modelado\/","title":{"rendered":"Curso de Modelado"},"content":{"rendered":"","protected":false},"excerpt":{"rendered":"<h4>Continuo, 2h una vez por semana<\/h4>\n<p>Este curso esta dise\u00f1ado para principiantes asi que avanzados. Vas a aprender todas las tecnicas de modelado, como el pellizco, los churros, las planchas y el vaciado. Cada participante recibir\u00e1 un seguimiento individual seg\u00fan sus habilidades y sus objetivos.<\/p>\n","protected":false},"featured_media":1184,"template":"","meta":{"nf_dc_page":"","content-type":""},"product_brand":[],"product_cat":[83,88,87],"product_tag":[],"class_list":{"0":"post-1435","1":"product","2":"type-product","3":"status-publish","4":"has-post-thumbnail","6":"product_cat-cursos","7":"product_cat-cursos-continuos","8":"product_cat-modelado","10":"first","11":"instock","12":"taxable","13":"shipping-taxable","14":"purchasable","15":"product-type-simple"},"yoast_head":"<!-- This site is optimized with the Yoast SEO plugin v27.4 - https:\/\/yoast.com\/product\/yoast-seo-wordpress\/ -->\n<title>Curso de Modelado | niho Ceramics Curso de modelado<\/title>\n<meta name=\"description\" content=\"Curso semanal de modelado en cer\u00e1mica donde aprender\u00e1s t\u00e9cnicas de construcci\u00f3n manual con arcilla. Crea tazas, vasijas, cuencos, platos, esculturas. A crear!\" \/>\n<meta name=\"robots\" content=\"index, follow, max-snippet:-1, max-image-preview:large, max-video-preview:-1\" \/>\n<link rel=\"canonical\" href=\"https:\/\/nihoceramics.com\/es\/products\/curso-modelado\/\" \/>\n<meta property=\"og:locale\" content=\"es_ES\" \/>\n<meta property=\"og:type\" content=\"article\" \/>\n<meta property=\"og:title\" content=\"Curso de Modelado | niho Ceramics Curso de modelado\" \/>\n<meta property=\"og:description\" content=\"Curso semanal de modelado en cer\u00e1mica donde aprender\u00e1s t\u00e9cnicas de construcci\u00f3n manual con arcilla. Crea tazas, vasijas, cuencos, platos, esculturas. A crear!\" \/>\n<meta property=\"og:url\" content=\"https:\/\/nihoceramics.com\/es\/products\/curso-modelado\/\" \/>\n<meta property=\"og:site_name\" content=\"niho Ceramics\" \/>\n<meta property=\"article:publisher\" content=\"https:\/\/www.facebook.com\/niho.ceramics\" \/>\n<meta property=\"article:modified_time\" content=\"2026-01-12T12:21:14+00:00\" \/>\n<meta property=\"og:image\" content=\"https:\/\/nihoceramics.com\/wp-content\/uploads\/2020\/04\/handbuilding_1.jpg\" \/>\n\t<meta property=\"og:image:width\" content=\"1200\" \/>\n\t<meta property=\"og:image:height\" content=\"1200\" \/>\n\t<meta property=\"og:image:type\" content=\"image\/jpeg\" \/>\n<meta name=\"twitter:card\" content=\"summary_large_image\" \/>\n<meta name=\"twitter:site\" content=\"@nihoceramics\" \/>\n<script type=\"application\/ld+json\" class=\"yoast-schema-graph\">{\"@context\":\"https:\\\/\\\/schema.org\",\"@graph\":[{\"@type\":\"WebPage\",\"@id\":\"https:\\\/\\\/nihoceramics.com\\\/es\\\/products\\\/curso-modelado\\\/\",\"url\":\"https:\\\/\\\/nihoceramics.com\\\/es\\\/products\\\/curso-modelado\\\/\",\"name\":\"Curso de Modelado | niho Ceramics Curso de modelado\",\"isPartOf\":{\"@id\":\"https:\\\/\\\/nihoceramics.com\\\/es\\\/#website\"},\"primaryImageOfPage\":{\"@id\":\"https:\\\/\\\/nihoceramics.com\\\/es\\\/products\\\/curso-modelado\\\/#primaryimage\"},\"image\":{\"@id\":\"https:\\\/\\\/nihoceramics.com\\\/es\\\/products\\\/curso-modelado\\\/#primaryimage\"},\"thumbnailUrl\":\"https:\\\/\\\/nihoceramics.com\\\/wp-content\\\/uploads\\\/2020\\\/04\\\/handbuilding_1.jpg\",\"datePublished\":\"2020-04-14T15:43:19+00:00\",\"dateModified\":\"2026-01-12T12:21:14+00:00\",\"description\":\"Curso semanal de modelado en cer\u00e1mica donde aprender\u00e1s t\u00e9cnicas de construcci\u00f3n manual con arcilla. Crea tazas, vasijas, cuencos, platos, esculturas. A crear!\",\"breadcrumb\":{\"@id\":\"https:\\\/\\\/nihoceramics.com\\\/es\\\/products\\\/curso-modelado\\\/#breadcrumb\"},\"inLanguage\":\"es\",\"potentialAction\":[{\"@type\":\"ReadAction\",\"target\":[\"https:\\\/\\\/nihoceramics.com\\\/es\\\/products\\\/curso-modelado\\\/\"]}]},{\"@type\":\"ImageObject\",\"inLanguage\":\"es\",\"@id\":\"https:\\\/\\\/nihoceramics.com\\\/es\\\/products\\\/curso-modelado\\\/#primaryimage\",\"url\":\"https:\\\/\\\/nihoceramics.com\\\/wp-content\\\/uploads\\\/2020\\\/04\\\/handbuilding_1.jpg\",\"contentUrl\":\"https:\\\/\\\/nihoceramics.com\\\/wp-content\\\/uploads\\\/2020\\\/04\\\/handbuilding_1.jpg\",\"width\":1200,\"height\":1200},{\"@type\":\"BreadcrumbList\",\"@id\":\"https:\\\/\\\/nihoceramics.com\\\/es\\\/products\\\/curso-modelado\\\/#breadcrumb\",\"itemListElement\":[{\"@type\":\"ListItem\",\"position\":1,\"name\":\"Startseite\",\"item\":\"https:\\\/\\\/nihoceramics.com\\\/es\\\/title\\\/\"},{\"@type\":\"ListItem\",\"position\":2,\"name\":\"tienda\",\"item\":\"https:\\\/\\\/nihoceramics.com\\\/es\\\/tienda\\\/\"},{\"@type\":\"ListItem\",\"position\":3,\"name\":\"Curso de Modelado\"}]},{\"@type\":\"WebSite\",\"@id\":\"https:\\\/\\\/nihoceramics.com\\\/es\\\/#website\",\"url\":\"https:\\\/\\\/nihoceramics.com\\\/es\\\/\",\"name\":\"niho Ceramics | Taller de Cer\u00e1mica\",\"description\":\"Ceramic Art Studio Sant Pere de Ribes, Barcelona\",\"publisher\":{\"@id\":\"https:\\\/\\\/nihoceramics.com\\\/es\\\/#organization\"},\"alternateName\":\"niho Ceramics\",\"potentialAction\":[{\"@type\":\"SearchAction\",\"target\":{\"@type\":\"EntryPoint\",\"urlTemplate\":\"https:\\\/\\\/nihoceramics.com\\\/es\\\/?s={search_term_string}\"},\"query-input\":{\"@type\":\"PropertyValueSpecification\",\"valueRequired\":true,\"valueName\":\"search_term_string\"}}],\"inLanguage\":\"es\"},{\"@type\":\"Organization\",\"@id\":\"https:\\\/\\\/nihoceramics.com\\\/es\\\/#organization\",\"name\":\"niho Ceramics | Taller de Cer\u00e1mica\",\"alternateName\":\"niho Ceramics\",\"url\":\"https:\\\/\\\/nihoceramics.com\\\/es\\\/\",\"logo\":{\"@type\":\"ImageObject\",\"inLanguage\":\"es\",\"@id\":\"https:\\\/\\\/nihoceramics.com\\\/es\\\/#\\\/schema\\\/logo\\\/image\\\/\",\"url\":\"https:\\\/\\\/nihoceramics.com\\\/wp-content\\\/uploads\\\/2023\\\/02\\\/niho_TallerCeramica-1.png\",\"contentUrl\":\"https:\\\/\\\/nihoceramics.com\\\/wp-content\\\/uploads\\\/2023\\\/02\\\/niho_TallerCeramica-1.png\",\"width\":596,\"height\":596,\"caption\":\"niho Ceramics | Taller de Cer\u00e1mica\"},\"image\":{\"@id\":\"https:\\\/\\\/nihoceramics.com\\\/es\\\/#\\\/schema\\\/logo\\\/image\\\/\"},\"sameAs\":[\"https:\\\/\\\/www.facebook.com\\\/niho.ceramics\",\"https:\\\/\\\/x.com\\\/nihoceramics\",\"https:\\\/\\\/www.instagram.com\\\/niho.ceramics\\\/\",\"https:\\\/\\\/www.pinterest.com\\\/nihoceramics\\\/\"]}]}<\/script>\n<!-- \/ Yoast SEO plugin. -->","yoast_head_json":{"title":"Curso de Modelado | niho Ceramics Curso de modelado","description":"Curso semanal de modelado en cer\u00e1mica donde aprender\u00e1s t\u00e9cnicas de construcci\u00f3n manual con arcilla. Crea tazas, vasijas, cuencos, platos, esculturas. A crear!","robots":{"index":"index","follow":"follow","max-snippet":"max-snippet:-1","max-image-preview":"max-image-preview:large","max-video-preview":"max-video-preview:-1"},"canonical":"https:\/\/nihoceramics.com\/es\/products\/curso-modelado\/","og_locale":"es_ES","og_type":"article","og_title":"Curso de Modelado | niho Ceramics Curso de modelado","og_description":"Curso semanal de modelado en cer\u00e1mica donde aprender\u00e1s t\u00e9cnicas de construcci\u00f3n manual con arcilla. Crea tazas, vasijas, cuencos, platos, esculturas. A crear!","og_url":"https:\/\/nihoceramics.com\/es\/products\/curso-modelado\/","og_site_name":"niho Ceramics","article_publisher":"https:\/\/www.facebook.com\/niho.ceramics","article_modified_time":"2026-01-12T12:21:14+00:00","og_image":[{"width":1200,"height":1200,"url":"https:\/\/nihoceramics.com\/wp-content\/uploads\/2020\/04\/handbuilding_1.jpg","type":"image\/jpeg"}],"twitter_card":"summary_large_image","twitter_site":"@nihoceramics","schema":{"@context":"https:\/\/schema.org","@graph":[{"@type":"WebPage","@id":"https:\/\/nihoceramics.com\/es\/products\/curso-modelado\/","url":"https:\/\/nihoceramics.com\/es\/products\/curso-modelado\/","name":"Curso de Modelado | niho Ceramics Curso de modelado","isPartOf":{"@id":"https:\/\/nihoceramics.com\/es\/#website"},"primaryImageOfPage":{"@id":"https:\/\/nihoceramics.com\/es\/products\/curso-modelado\/#primaryimage"},"image":{"@id":"https:\/\/nihoceramics.com\/es\/products\/curso-modelado\/#primaryimage"},"thumbnailUrl":"https:\/\/nihoceramics.com\/wp-content\/uploads\/2020\/04\/handbuilding_1.jpg","datePublished":"2020-04-14T15:43:19+00:00","dateModified":"2026-01-12T12:21:14+00:00","description":"Curso semanal de modelado en cer\u00e1mica donde aprender\u00e1s t\u00e9cnicas de construcci\u00f3n manual con arcilla. Crea tazas, vasijas, cuencos, platos, esculturas. A crear!","breadcrumb":{"@id":"https:\/\/nihoceramics.com\/es\/products\/curso-modelado\/#breadcrumb"},"inLanguage":"es","potentialAction":[{"@type":"ReadAction","target":["https:\/\/nihoceramics.com\/es\/products\/curso-modelado\/"]}]},{"@type":"ImageObject","inLanguage":"es","@id":"https:\/\/nihoceramics.com\/es\/products\/curso-modelado\/#primaryimage","url":"https:\/\/nihoceramics.com\/wp-content\/uploads\/2020\/04\/handbuilding_1.jpg","contentUrl":"https:\/\/nihoceramics.com\/wp-content\/uploads\/2020\/04\/handbuilding_1.jpg","width":1200,"height":1200},{"@type":"BreadcrumbList","@id":"https:\/\/nihoceramics.com\/es\/products\/curso-modelado\/#breadcrumb","itemListElement":[{"@type":"ListItem","position":1,"name":"Startseite","item":"https:\/\/nihoceramics.com\/es\/title\/"},{"@type":"ListItem","position":2,"name":"tienda","item":"https:\/\/nihoceramics.com\/es\/tienda\/"},{"@type":"ListItem","position":3,"name":"Curso de Modelado"}]},{"@type":"WebSite","@id":"https:\/\/nihoceramics.com\/es\/#website","url":"https:\/\/nihoceramics.com\/es\/","name":"niho Ceramics | Taller de Cer\u00e1mica","description":"Ceramic Art Studio Sant Pere de Ribes, Barcelona","publisher":{"@id":"https:\/\/nihoceramics.com\/es\/#organization"},"alternateName":"niho Ceramics","potentialAction":[{"@type":"SearchAction","target":{"@type":"EntryPoint","urlTemplate":"https:\/\/nihoceramics.com\/es\/?s={search_term_string}"},"query-input":{"@type":"PropertyValueSpecification","valueRequired":true,"valueName":"search_term_string"}}],"inLanguage":"es"},{"@type":"Organization","@id":"https:\/\/nihoceramics.com\/es\/#organization","name":"niho Ceramics | Taller de Cer\u00e1mica","alternateName":"niho Ceramics","url":"https:\/\/nihoceramics.com\/es\/","logo":{"@type":"ImageObject","inLanguage":"es","@id":"https:\/\/nihoceramics.com\/es\/#\/schema\/logo\/image\/","url":"https:\/\/nihoceramics.com\/wp-content\/uploads\/2023\/02\/niho_TallerCeramica-1.png","contentUrl":"https:\/\/nihoceramics.com\/wp-content\/uploads\/2023\/02\/niho_TallerCeramica-1.png","width":596,"height":596,"caption":"niho Ceramics | Taller de Cer\u00e1mica"},"image":{"@id":"https:\/\/nihoceramics.com\/es\/#\/schema\/logo\/image\/"},"sameAs":["https:\/\/www.facebook.com\/niho.ceramics","https:\/\/x.com\/nihoceramics","https:\/\/www.instagram.com\/niho.ceramics\/","https:\/\/www.pinterest.com\/nihoceramics\/"]}]}},"_links":{"self":[{"href":"https:\/\/nihoceramics.com\/es\/wp-json\/wp\/v2\/product\/1435","targetHints":{"allow":["GET"]}}],"collection":[{"href":"https:\/\/nihoceramics.com\/es\/wp-json\/wp\/v2\/product"}],"about":[{"href":"https:\/\/nihoceramics.com\/es\/wp-json\/wp\/v2\/types\/product"}],"wp:featuredmedia":[{"embeddable":true,"href":"https:\/\/nihoceramics.com\/es\/wp-json\/wp\/v2\/media\/1184"}],"wp:attachment":[{"href":"https:\/\/nihoceramics.com\/es\/wp-json\/wp\/v2\/media?parent=1435"}],"wp:term":[{"taxonomy":"product_brand","embeddable":true,"href":"https:\/\/nihoceramics.com\/es\/wp-json\/wp\/v2\/product_brand?post=1435"},{"taxonomy":"product_cat","embeddable":true,"href":"https:\/\/nihoceramics.com\/es\/wp-json\/wp\/v2\/product_cat?post=1435"},{"taxonomy":"product_tag","embeddable":true,"href":"https:\/\/nihoceramics.com\/es\/wp-json\/wp\/v2\/product_tag?post=1435"}],"curies":[{"name":"wp","href":"https:\/\/api.w.org\/{rel}","templated":true}]}}