{"id":1445,"date":"2021-11-10T15:57:44","date_gmt":"2021-11-10T15:57:44","guid":{"rendered":"https:\/\/nihoceramics.com\/products\/lampara-zig-zag-2\/"},"modified":"2021-11-10T15:57:44","modified_gmt":"2021-11-10T15:57:44","slug":"zig-zag-lampara-2","status":"publish","type":"product","link":"https:\/\/nihoceramics.com\/es\/products\/zig-zag-lampara-2\/","title":{"rendered":"Lampara Zig Zag"},"content":{"rendered":"<p>Creo cada producto cuidadosamente a mano. Debido a la naturaleza del proceso de producci\u00f3n, no hay dos art\u00edculos iguales, pueden variar en forma, tama\u00f1o y color. Las imperfecciones que se producen proporcionan un aspecto y una sensaci\u00f3n \u00fanicos, personalizados y aut\u00e9nticos.<\/p>\n<p>Elaboro mis piezas con arcilla de gres de alta temperatura que las hace aptas para alimentos, aptas para lavavajillas y perfectamente duraderas para el uso diario. Como con cualquier objeto hecho a mano, tr\u00e1telo con amor y cuidado.<\/p>\n","protected":false},"excerpt":{"rendered":"<p>Elabor\u00e9 esta base la l\u00e1mpara con el torno alfarero utilizando barro de alta temperatura de color blanco. El acabado esta hecho con un esmalte de color blanco roto mate.<\/p>\n<p>\u2022 Tama\u00f1o: di\u00e1metro 10 cm, altura 24 cm con bombilla (aprox.)<br \/>\n\u2022 Peso: 900g (aprox.)<br \/>\n\u2022 Portalamparas tipo E27<br \/>\n\u2022 Hecho a mano en Barcelona<br \/>\n\u2022 Horneado a 1240\u00b0C<\/p>\n<p>Elige entre la bombilla de color verde o oro.<\/p>\n","protected":false},"featured_media":1281,"template":"","meta":{"nf_dc_page":"","content-type":""},"product_brand":[],"product_cat":[95,96,91,90],"product_tag":[],"class_list":{"0":"post-1445","1":"product","2":"type-product","3":"status-publish","4":"has-post-thumbnail","6":"product_cat-lamparas","7":"product_cat-lamparas-zig-zag","8":"product_cat-productos","9":"product_cat-zigzag-es","10":"product_shipping_class-5kg-es","12":"first","13":"instock","14":"taxable","15":"shipping-taxable","16":"purchasable","17":"product-type-simple"},"yoast_head":"<!-- This site is optimized with the Yoast SEO plugin v27.4 - https:\/\/yoast.com\/product\/yoast-seo-wordpress\/ -->\n<title>Lampara Zig Zag | niho Ceramics<\/title>\n<meta name=\"robots\" content=\"index, follow, max-snippet:-1, max-image-preview:large, max-video-preview:-1\" \/>\n<link rel=\"canonical\" href=\"https:\/\/nihoceramics.com\/es\/products\/zig-zag-lampara-2\/\" \/>\n<meta property=\"og:locale\" content=\"es_ES\" \/>\n<meta property=\"og:type\" content=\"article\" \/>\n<meta property=\"og:title\" content=\"Lampara Zig Zag | niho Ceramics\" \/>\n<meta property=\"og:description\" content=\"Elabor\u00e9 esta base la l\u00e1mpara con el torno alfarero utilizando barro de alta temperatura de color blanco. El acabado esta hecho con un esmalte de color blanco roto mate. \u2022 Tama\u00f1o: di\u00e1metro 10 cm, altura 24 cm con bombilla (aprox.) \u2022 Peso: 900g (aprox.) \u2022 Portalamparas tipo E27 \u2022 Hecho a mano en Barcelona \u2022 Horneado a 1240\u00b0C Elige entre la bombilla de color verde o oro.\" \/>\n<meta property=\"og:url\" content=\"https:\/\/nihoceramics.com\/es\/products\/zig-zag-lampara-2\/\" \/>\n<meta property=\"og:site_name\" content=\"niho Ceramics\" \/>\n<meta property=\"article:publisher\" content=\"https:\/\/www.facebook.com\/niho.ceramics\" \/>\n<meta property=\"og:image\" content=\"https:\/\/nihoceramics.com\/wp-content\/uploads\/2021\/11\/ZigZag_lamp2b.jpg\" \/>\n\t<meta property=\"og:image:width\" content=\"1200\" \/>\n\t<meta property=\"og:image:height\" content=\"1200\" \/>\n\t<meta property=\"og:image:type\" content=\"image\/jpeg\" \/>\n<meta name=\"twitter:card\" content=\"summary_large_image\" \/>\n<meta name=\"twitter:site\" content=\"@nihoceramics\" \/>\n<script type=\"application\/ld+json\" class=\"yoast-schema-graph\">{\"@context\":\"https:\\\/\\\/schema.org\",\"@graph\":[{\"@type\":\"WebPage\",\"@id\":\"https:\\\/\\\/nihoceramics.com\\\/es\\\/products\\\/zig-zag-lampara-2\\\/\",\"url\":\"https:\\\/\\\/nihoceramics.com\\\/es\\\/products\\\/zig-zag-lampara-2\\\/\",\"name\":\"Lampara Zig Zag | niho Ceramics\",\"isPartOf\":{\"@id\":\"https:\\\/\\\/nihoceramics.com\\\/es\\\/#website\"},\"primaryImageOfPage\":{\"@id\":\"https:\\\/\\\/nihoceramics.com\\\/es\\\/products\\\/zig-zag-lampara-2\\\/#primaryimage\"},\"image\":{\"@id\":\"https:\\\/\\\/nihoceramics.com\\\/es\\\/products\\\/zig-zag-lampara-2\\\/#primaryimage\"},\"thumbnailUrl\":\"https:\\\/\\\/nihoceramics.com\\\/wp-content\\\/uploads\\\/2021\\\/11\\\/ZigZag_lamp2b.jpg\",\"datePublished\":\"2021-11-10T15:57:44+00:00\",\"breadcrumb\":{\"@id\":\"https:\\\/\\\/nihoceramics.com\\\/es\\\/products\\\/zig-zag-lampara-2\\\/#breadcrumb\"},\"inLanguage\":\"es\",\"potentialAction\":[{\"@type\":\"ReadAction\",\"target\":[\"https:\\\/\\\/nihoceramics.com\\\/es\\\/products\\\/zig-zag-lampara-2\\\/\"]}]},{\"@type\":\"ImageObject\",\"inLanguage\":\"es\",\"@id\":\"https:\\\/\\\/nihoceramics.com\\\/es\\\/products\\\/zig-zag-lampara-2\\\/#primaryimage\",\"url\":\"https:\\\/\\\/nihoceramics.com\\\/wp-content\\\/uploads\\\/2021\\\/11\\\/ZigZag_lamp2b.jpg\",\"contentUrl\":\"https:\\\/\\\/nihoceramics.com\\\/wp-content\\\/uploads\\\/2021\\\/11\\\/ZigZag_lamp2b.jpg\",\"width\":1200,\"height\":1200},{\"@type\":\"BreadcrumbList\",\"@id\":\"https:\\\/\\\/nihoceramics.com\\\/es\\\/products\\\/zig-zag-lampara-2\\\/#breadcrumb\",\"itemListElement\":[{\"@type\":\"ListItem\",\"position\":1,\"name\":\"Startseite\",\"item\":\"https:\\\/\\\/nihoceramics.com\\\/es\\\/title\\\/\"},{\"@type\":\"ListItem\",\"position\":2,\"name\":\"tienda\",\"item\":\"https:\\\/\\\/nihoceramics.com\\\/es\\\/tienda\\\/\"},{\"@type\":\"ListItem\",\"position\":3,\"name\":\"Lampara Zig Zag\"}]},{\"@type\":\"WebSite\",\"@id\":\"https:\\\/\\\/nihoceramics.com\\\/es\\\/#website\",\"url\":\"https:\\\/\\\/nihoceramics.com\\\/es\\\/\",\"name\":\"niho Ceramics | Taller de Cer\u00e1mica\",\"description\":\"Ceramic Art Studio Sant Pere de Ribes, Barcelona\",\"publisher\":{\"@id\":\"https:\\\/\\\/nihoceramics.com\\\/es\\\/#organization\"},\"alternateName\":\"niho Ceramics\",\"potentialAction\":[{\"@type\":\"SearchAction\",\"target\":{\"@type\":\"EntryPoint\",\"urlTemplate\":\"https:\\\/\\\/nihoceramics.com\\\/es\\\/?s={search_term_string}\"},\"query-input\":{\"@type\":\"PropertyValueSpecification\",\"valueRequired\":true,\"valueName\":\"search_term_string\"}}],\"inLanguage\":\"es\"},{\"@type\":\"Organization\",\"@id\":\"https:\\\/\\\/nihoceramics.com\\\/es\\\/#organization\",\"name\":\"niho Ceramics | Taller de Cer\u00e1mica\",\"alternateName\":\"niho Ceramics\",\"url\":\"https:\\\/\\\/nihoceramics.com\\\/es\\\/\",\"logo\":{\"@type\":\"ImageObject\",\"inLanguage\":\"es\",\"@id\":\"https:\\\/\\\/nihoceramics.com\\\/es\\\/#\\\/schema\\\/logo\\\/image\\\/\",\"url\":\"https:\\\/\\\/nihoceramics.com\\\/wp-content\\\/uploads\\\/2023\\\/02\\\/niho_TallerCeramica-1.png\",\"contentUrl\":\"https:\\\/\\\/nihoceramics.com\\\/wp-content\\\/uploads\\\/2023\\\/02\\\/niho_TallerCeramica-1.png\",\"width\":596,\"height\":596,\"caption\":\"niho Ceramics | Taller de Cer\u00e1mica\"},\"image\":{\"@id\":\"https:\\\/\\\/nihoceramics.com\\\/es\\\/#\\\/schema\\\/logo\\\/image\\\/\"},\"sameAs\":[\"https:\\\/\\\/www.facebook.com\\\/niho.ceramics\",\"https:\\\/\\\/x.com\\\/nihoceramics\",\"https:\\\/\\\/www.instagram.com\\\/niho.ceramics\\\/\",\"https:\\\/\\\/www.pinterest.com\\\/nihoceramics\\\/\"]}]}<\/script>\n<!-- \/ Yoast SEO plugin. -->","yoast_head_json":{"title":"Lampara Zig Zag | niho Ceramics","robots":{"index":"index","follow":"follow","max-snippet":"max-snippet:-1","max-image-preview":"max-image-preview:large","max-video-preview":"max-video-preview:-1"},"canonical":"https:\/\/nihoceramics.com\/es\/products\/zig-zag-lampara-2\/","og_locale":"es_ES","og_type":"article","og_title":"Lampara Zig Zag | niho Ceramics","og_description":"Elabor\u00e9 esta base la l\u00e1mpara con el torno alfarero utilizando barro de alta temperatura de color blanco. El acabado esta hecho con un esmalte de color blanco roto mate. \u2022 Tama\u00f1o: di\u00e1metro 10 cm, altura 24 cm con bombilla (aprox.) \u2022 Peso: 900g (aprox.) \u2022 Portalamparas tipo E27 \u2022 Hecho a mano en Barcelona \u2022 Horneado a 1240\u00b0C Elige entre la bombilla de color verde o oro.","og_url":"https:\/\/nihoceramics.com\/es\/products\/zig-zag-lampara-2\/","og_site_name":"niho Ceramics","article_publisher":"https:\/\/www.facebook.com\/niho.ceramics","og_image":[{"width":1200,"height":1200,"url":"https:\/\/nihoceramics.com\/wp-content\/uploads\/2021\/11\/ZigZag_lamp2b.jpg","type":"image\/jpeg"}],"twitter_card":"summary_large_image","twitter_site":"@nihoceramics","schema":{"@context":"https:\/\/schema.org","@graph":[{"@type":"WebPage","@id":"https:\/\/nihoceramics.com\/es\/products\/zig-zag-lampara-2\/","url":"https:\/\/nihoceramics.com\/es\/products\/zig-zag-lampara-2\/","name":"Lampara Zig Zag | niho Ceramics","isPartOf":{"@id":"https:\/\/nihoceramics.com\/es\/#website"},"primaryImageOfPage":{"@id":"https:\/\/nihoceramics.com\/es\/products\/zig-zag-lampara-2\/#primaryimage"},"image":{"@id":"https:\/\/nihoceramics.com\/es\/products\/zig-zag-lampara-2\/#primaryimage"},"thumbnailUrl":"https:\/\/nihoceramics.com\/wp-content\/uploads\/2021\/11\/ZigZag_lamp2b.jpg","datePublished":"2021-11-10T15:57:44+00:00","breadcrumb":{"@id":"https:\/\/nihoceramics.com\/es\/products\/zig-zag-lampara-2\/#breadcrumb"},"inLanguage":"es","potentialAction":[{"@type":"ReadAction","target":["https:\/\/nihoceramics.com\/es\/products\/zig-zag-lampara-2\/"]}]},{"@type":"ImageObject","inLanguage":"es","@id":"https:\/\/nihoceramics.com\/es\/products\/zig-zag-lampara-2\/#primaryimage","url":"https:\/\/nihoceramics.com\/wp-content\/uploads\/2021\/11\/ZigZag_lamp2b.jpg","contentUrl":"https:\/\/nihoceramics.com\/wp-content\/uploads\/2021\/11\/ZigZag_lamp2b.jpg","width":1200,"height":1200},{"@type":"BreadcrumbList","@id":"https:\/\/nihoceramics.com\/es\/products\/zig-zag-lampara-2\/#breadcrumb","itemListElement":[{"@type":"ListItem","position":1,"name":"Startseite","item":"https:\/\/nihoceramics.com\/es\/title\/"},{"@type":"ListItem","position":2,"name":"tienda","item":"https:\/\/nihoceramics.com\/es\/tienda\/"},{"@type":"ListItem","position":3,"name":"Lampara Zig Zag"}]},{"@type":"WebSite","@id":"https:\/\/nihoceramics.com\/es\/#website","url":"https:\/\/nihoceramics.com\/es\/","name":"niho Ceramics | Taller de Cer\u00e1mica","description":"Ceramic Art Studio Sant Pere de Ribes, Barcelona","publisher":{"@id":"https:\/\/nihoceramics.com\/es\/#organization"},"alternateName":"niho Ceramics","potentialAction":[{"@type":"SearchAction","target":{"@type":"EntryPoint","urlTemplate":"https:\/\/nihoceramics.com\/es\/?s={search_term_string}"},"query-input":{"@type":"PropertyValueSpecification","valueRequired":true,"valueName":"search_term_string"}}],"inLanguage":"es"},{"@type":"Organization","@id":"https:\/\/nihoceramics.com\/es\/#organization","name":"niho Ceramics | Taller de Cer\u00e1mica","alternateName":"niho Ceramics","url":"https:\/\/nihoceramics.com\/es\/","logo":{"@type":"ImageObject","inLanguage":"es","@id":"https:\/\/nihoceramics.com\/es\/#\/schema\/logo\/image\/","url":"https:\/\/nihoceramics.com\/wp-content\/uploads\/2023\/02\/niho_TallerCeramica-1.png","contentUrl":"https:\/\/nihoceramics.com\/wp-content\/uploads\/2023\/02\/niho_TallerCeramica-1.png","width":596,"height":596,"caption":"niho Ceramics | Taller de Cer\u00e1mica"},"image":{"@id":"https:\/\/nihoceramics.com\/es\/#\/schema\/logo\/image\/"},"sameAs":["https:\/\/www.facebook.com\/niho.ceramics","https:\/\/x.com\/nihoceramics","https:\/\/www.instagram.com\/niho.ceramics\/","https:\/\/www.pinterest.com\/nihoceramics\/"]}]}},"_links":{"self":[{"href":"https:\/\/nihoceramics.com\/es\/wp-json\/wp\/v2\/product\/1445","targetHints":{"allow":["GET"]}}],"collection":[{"href":"https:\/\/nihoceramics.com\/es\/wp-json\/wp\/v2\/product"}],"about":[{"href":"https:\/\/nihoceramics.com\/es\/wp-json\/wp\/v2\/types\/product"}],"wp:featuredmedia":[{"embeddable":true,"href":"https:\/\/nihoceramics.com\/es\/wp-json\/wp\/v2\/media\/1281"}],"wp:attachment":[{"href":"https:\/\/nihoceramics.com\/es\/wp-json\/wp\/v2\/media?parent=1445"}],"wp:term":[{"taxonomy":"product_brand","embeddable":true,"href":"https:\/\/nihoceramics.com\/es\/wp-json\/wp\/v2\/product_brand?post=1445"},{"taxonomy":"product_cat","embeddable":true,"href":"https:\/\/nihoceramics.com\/es\/wp-json\/wp\/v2\/product_cat?post=1445"},{"taxonomy":"product_tag","embeddable":true,"href":"https:\/\/nihoceramics.com\/es\/wp-json\/wp\/v2\/product_tag?post=1445"}],"curies":[{"name":"wp","href":"https:\/\/api.w.org\/{rel}","templated":true}]}}