{"id":1449,"date":"2021-12-17T17:35:59","date_gmt":"2021-12-17T16:35:59","guid":{"rendered":"https:\/\/nihoceramics.com\/products\/vale-de-regalo-de-8h\/"},"modified":"2025-06-04T16:54:02","modified_gmt":"2025-06-04T15:54:02","slug":"vale-regalo-8h","status":"publish","type":"product","link":"https:\/\/nihoceramics.com\/es\/products\/vale-regalo-8h\/","title":{"rendered":"Vale de Regalo de 8h"},"content":{"rendered":"","protected":false},"excerpt":{"rendered":"<h4>Trata un ser querido a un curso de cer\u00e1mica de 8h<\/h4>\n<p class=\"p1\">Sorprende a esa persona especial con un vale para un curso de cer\u00e1mica pr\u00e1ctico y creativo. En estas 8 horas, podr\u00e1 disfrutar trabajando con sus propias manos, moldeando el barro para crear una pieza \u00fanica y personal, sin necesidad de experiencia previa.<\/p>\n<p class=\"p1\">Durante el taller, aprender\u00e1 t\u00e9cnicas de modelado o de torno, seg\u00fan su elecci\u00f3n, y elaborar\u00e1 una obra que luego ser\u00e1 cocida en nuestro horno profesional. Tras un tiempo de secado y horneado, podr\u00e1 recoger su creaci\u00f3n finalizada, un recuerdo tangible y duradero de esta experiencia art\u00edstica.<\/p>\n<p class=\"p1\">Compra el vale de regalo online, desc\u00e1rgalo e impr\u00edmelo. La persona que reciba el regalo podr\u00e1 reservar la sesi\u00f3n en la fecha y hora que m\u00e1s le convenga.<\/p>\n<p class=\"p1\">Un regalo original y memorable para fomentar la creatividad, disfrutar del arte de la cer\u00e1mica y conservar un recuerdo hecho a mano.<\/p>\n","protected":false},"featured_media":1327,"template":"","meta":{"nf_dc_page":"","content-type":""},"product_brand":[],"product_cat":[85,81],"product_tag":[],"class_list":{"0":"post-1449","1":"product","2":"type-product","3":"status-publish","4":"has-post-thumbnail","6":"product_cat-8h-es","7":"product_cat-vale-de-regalo","9":"first","10":"instock","11":"downloadable","12":"taxable","13":"shipping-taxable","14":"purchasable","15":"product-type-simple"},"yoast_head":"<!-- This site is optimized with the Yoast SEO plugin v27.4 - https:\/\/yoast.com\/product\/yoast-seo-wordpress\/ -->\n<title>Vale de Regalo de 8h | niho Ceramics<\/title>\n<meta name=\"robots\" content=\"index, follow, max-snippet:-1, max-image-preview:large, max-video-preview:-1\" \/>\n<link rel=\"canonical\" href=\"https:\/\/nihoceramics.com\/es\/products\/vale-regalo-8h\/\" \/>\n<meta property=\"og:locale\" content=\"es_ES\" \/>\n<meta property=\"og:type\" content=\"article\" \/>\n<meta property=\"og:title\" content=\"Vale de Regalo de 8h | niho Ceramics\" \/>\n<meta property=\"og:description\" content=\"Trata un ser querido a un curso de cer\u00e1mica de 8h Sorprende a esa persona especial con un vale para un curso de cer\u00e1mica pr\u00e1ctico y creativo. En estas 8 horas, podr\u00e1 disfrutar trabajando con sus propias manos, moldeando el barro para crear una pieza \u00fanica y personal, sin necesidad de experiencia previa. Durante el taller, aprender\u00e1 t\u00e9cnicas de modelado o de torno, seg\u00fan su elecci\u00f3n, y elaborar\u00e1 una obra que luego ser\u00e1 cocida en nuestro horno profesional. Tras un tiempo de secado y horneado, podr\u00e1 recoger su creaci\u00f3n finalizada, un recuerdo tangible y duradero de esta experiencia art\u00edstica. Compra el vale de regalo online, desc\u00e1rgalo e impr\u00edmelo. La persona que reciba el regalo podr\u00e1 reservar la sesi\u00f3n en la fecha y hora que m\u00e1s le convenga. Un regalo original y memorable para fomentar la creatividad, disfrutar del arte de la cer\u00e1mica y conservar un recuerdo hecho a mano.\" \/>\n<meta property=\"og:url\" content=\"https:\/\/nihoceramics.com\/es\/products\/vale-regalo-8h\/\" \/>\n<meta property=\"og:site_name\" content=\"niho Ceramics\" \/>\n<meta property=\"article:publisher\" content=\"https:\/\/www.facebook.com\/niho.ceramics\" \/>\n<meta property=\"article:modified_time\" content=\"2025-06-04T15:54:02+00:00\" \/>\n<meta property=\"og:image\" content=\"https:\/\/nihoceramics.com\/wp-content\/uploads\/2021\/12\/8h.jpg\" \/>\n\t<meta property=\"og:image:width\" content=\"1200\" \/>\n\t<meta property=\"og:image:height\" content=\"1200\" \/>\n\t<meta property=\"og:image:type\" content=\"image\/jpeg\" \/>\n<meta name=\"twitter:card\" content=\"summary_large_image\" \/>\n<meta name=\"twitter:site\" content=\"@nihoceramics\" \/>\n<meta name=\"twitter:label1\" content=\"Tiempo de lectura\" \/>\n\t<meta name=\"twitter:data1\" content=\"1 minuto\" \/>\n<script type=\"application\/ld+json\" class=\"yoast-schema-graph\">{\"@context\":\"https:\\\/\\\/schema.org\",\"@graph\":[{\"@type\":\"WebPage\",\"@id\":\"https:\\\/\\\/nihoceramics.com\\\/es\\\/products\\\/vale-regalo-8h\\\/\",\"url\":\"https:\\\/\\\/nihoceramics.com\\\/es\\\/products\\\/vale-regalo-8h\\\/\",\"name\":\"Vale de Regalo de 8h | niho Ceramics\",\"isPartOf\":{\"@id\":\"https:\\\/\\\/nihoceramics.com\\\/es\\\/#website\"},\"primaryImageOfPage\":{\"@id\":\"https:\\\/\\\/nihoceramics.com\\\/es\\\/products\\\/vale-regalo-8h\\\/#primaryimage\"},\"image\":{\"@id\":\"https:\\\/\\\/nihoceramics.com\\\/es\\\/products\\\/vale-regalo-8h\\\/#primaryimage\"},\"thumbnailUrl\":\"https:\\\/\\\/nihoceramics.com\\\/wp-content\\\/uploads\\\/2021\\\/12\\\/8h.jpg\",\"datePublished\":\"2021-12-17T16:35:59+00:00\",\"dateModified\":\"2025-06-04T15:54:02+00:00\",\"breadcrumb\":{\"@id\":\"https:\\\/\\\/nihoceramics.com\\\/es\\\/products\\\/vale-regalo-8h\\\/#breadcrumb\"},\"inLanguage\":\"es\",\"potentialAction\":[{\"@type\":\"ReadAction\",\"target\":[\"https:\\\/\\\/nihoceramics.com\\\/es\\\/products\\\/vale-regalo-8h\\\/\"]}]},{\"@type\":\"ImageObject\",\"inLanguage\":\"es\",\"@id\":\"https:\\\/\\\/nihoceramics.com\\\/es\\\/products\\\/vale-regalo-8h\\\/#primaryimage\",\"url\":\"https:\\\/\\\/nihoceramics.com\\\/wp-content\\\/uploads\\\/2021\\\/12\\\/8h.jpg\",\"contentUrl\":\"https:\\\/\\\/nihoceramics.com\\\/wp-content\\\/uploads\\\/2021\\\/12\\\/8h.jpg\",\"width\":1200,\"height\":1200,\"caption\":\"Gift voucher for a 8 hour pottery course\"},{\"@type\":\"BreadcrumbList\",\"@id\":\"https:\\\/\\\/nihoceramics.com\\\/es\\\/products\\\/vale-regalo-8h\\\/#breadcrumb\",\"itemListElement\":[{\"@type\":\"ListItem\",\"position\":1,\"name\":\"Startseite\",\"item\":\"https:\\\/\\\/nihoceramics.com\\\/es\\\/title\\\/\"},{\"@type\":\"ListItem\",\"position\":2,\"name\":\"tienda\",\"item\":\"https:\\\/\\\/nihoceramics.com\\\/es\\\/tienda\\\/\"},{\"@type\":\"ListItem\",\"position\":3,\"name\":\"Vale de Regalo de 8h\"}]},{\"@type\":\"WebSite\",\"@id\":\"https:\\\/\\\/nihoceramics.com\\\/es\\\/#website\",\"url\":\"https:\\\/\\\/nihoceramics.com\\\/es\\\/\",\"name\":\"niho Ceramics | Taller de Cer\u00e1mica\",\"description\":\"Ceramic Art Studio Sant Pere de Ribes, Barcelona\",\"publisher\":{\"@id\":\"https:\\\/\\\/nihoceramics.com\\\/es\\\/#organization\"},\"alternateName\":\"niho Ceramics\",\"potentialAction\":[{\"@type\":\"SearchAction\",\"target\":{\"@type\":\"EntryPoint\",\"urlTemplate\":\"https:\\\/\\\/nihoceramics.com\\\/es\\\/?s={search_term_string}\"},\"query-input\":{\"@type\":\"PropertyValueSpecification\",\"valueRequired\":true,\"valueName\":\"search_term_string\"}}],\"inLanguage\":\"es\"},{\"@type\":\"Organization\",\"@id\":\"https:\\\/\\\/nihoceramics.com\\\/es\\\/#organization\",\"name\":\"niho Ceramics | Taller de Cer\u00e1mica\",\"alternateName\":\"niho Ceramics\",\"url\":\"https:\\\/\\\/nihoceramics.com\\\/es\\\/\",\"logo\":{\"@type\":\"ImageObject\",\"inLanguage\":\"es\",\"@id\":\"https:\\\/\\\/nihoceramics.com\\\/es\\\/#\\\/schema\\\/logo\\\/image\\\/\",\"url\":\"https:\\\/\\\/nihoceramics.com\\\/wp-content\\\/uploads\\\/2023\\\/02\\\/niho_TallerCeramica-1.png\",\"contentUrl\":\"https:\\\/\\\/nihoceramics.com\\\/wp-content\\\/uploads\\\/2023\\\/02\\\/niho_TallerCeramica-1.png\",\"width\":596,\"height\":596,\"caption\":\"niho Ceramics | Taller de Cer\u00e1mica\"},\"image\":{\"@id\":\"https:\\\/\\\/nihoceramics.com\\\/es\\\/#\\\/schema\\\/logo\\\/image\\\/\"},\"sameAs\":[\"https:\\\/\\\/www.facebook.com\\\/niho.ceramics\",\"https:\\\/\\\/x.com\\\/nihoceramics\",\"https:\\\/\\\/www.instagram.com\\\/niho.ceramics\\\/\",\"https:\\\/\\\/www.pinterest.com\\\/nihoceramics\\\/\"]}]}<\/script>\n<!-- \/ Yoast SEO plugin. -->","yoast_head_json":{"title":"Vale de Regalo de 8h | niho Ceramics","robots":{"index":"index","follow":"follow","max-snippet":"max-snippet:-1","max-image-preview":"max-image-preview:large","max-video-preview":"max-video-preview:-1"},"canonical":"https:\/\/nihoceramics.com\/es\/products\/vale-regalo-8h\/","og_locale":"es_ES","og_type":"article","og_title":"Vale de Regalo de 8h | niho Ceramics","og_description":"Trata un ser querido a un curso de cer\u00e1mica de 8h Sorprende a esa persona especial con un vale para un curso de cer\u00e1mica pr\u00e1ctico y creativo. En estas 8 horas, podr\u00e1 disfrutar trabajando con sus propias manos, moldeando el barro para crear una pieza \u00fanica y personal, sin necesidad de experiencia previa. Durante el taller, aprender\u00e1 t\u00e9cnicas de modelado o de torno, seg\u00fan su elecci\u00f3n, y elaborar\u00e1 una obra que luego ser\u00e1 cocida en nuestro horno profesional. Tras un tiempo de secado y horneado, podr\u00e1 recoger su creaci\u00f3n finalizada, un recuerdo tangible y duradero de esta experiencia art\u00edstica. Compra el vale de regalo online, desc\u00e1rgalo e impr\u00edmelo. La persona que reciba el regalo podr\u00e1 reservar la sesi\u00f3n en la fecha y hora que m\u00e1s le convenga. Un regalo original y memorable para fomentar la creatividad, disfrutar del arte de la cer\u00e1mica y conservar un recuerdo hecho a mano.","og_url":"https:\/\/nihoceramics.com\/es\/products\/vale-regalo-8h\/","og_site_name":"niho Ceramics","article_publisher":"https:\/\/www.facebook.com\/niho.ceramics","article_modified_time":"2025-06-04T15:54:02+00:00","og_image":[{"width":1200,"height":1200,"url":"https:\/\/nihoceramics.com\/wp-content\/uploads\/2021\/12\/8h.jpg","type":"image\/jpeg"}],"twitter_card":"summary_large_image","twitter_site":"@nihoceramics","twitter_misc":{"Tiempo de lectura":"1 minuto"},"schema":{"@context":"https:\/\/schema.org","@graph":[{"@type":"WebPage","@id":"https:\/\/nihoceramics.com\/es\/products\/vale-regalo-8h\/","url":"https:\/\/nihoceramics.com\/es\/products\/vale-regalo-8h\/","name":"Vale de Regalo de 8h | niho Ceramics","isPartOf":{"@id":"https:\/\/nihoceramics.com\/es\/#website"},"primaryImageOfPage":{"@id":"https:\/\/nihoceramics.com\/es\/products\/vale-regalo-8h\/#primaryimage"},"image":{"@id":"https:\/\/nihoceramics.com\/es\/products\/vale-regalo-8h\/#primaryimage"},"thumbnailUrl":"https:\/\/nihoceramics.com\/wp-content\/uploads\/2021\/12\/8h.jpg","datePublished":"2021-12-17T16:35:59+00:00","dateModified":"2025-06-04T15:54:02+00:00","breadcrumb":{"@id":"https:\/\/nihoceramics.com\/es\/products\/vale-regalo-8h\/#breadcrumb"},"inLanguage":"es","potentialAction":[{"@type":"ReadAction","target":["https:\/\/nihoceramics.com\/es\/products\/vale-regalo-8h\/"]}]},{"@type":"ImageObject","inLanguage":"es","@id":"https:\/\/nihoceramics.com\/es\/products\/vale-regalo-8h\/#primaryimage","url":"https:\/\/nihoceramics.com\/wp-content\/uploads\/2021\/12\/8h.jpg","contentUrl":"https:\/\/nihoceramics.com\/wp-content\/uploads\/2021\/12\/8h.jpg","width":1200,"height":1200,"caption":"Gift voucher for a 8 hour pottery course"},{"@type":"BreadcrumbList","@id":"https:\/\/nihoceramics.com\/es\/products\/vale-regalo-8h\/#breadcrumb","itemListElement":[{"@type":"ListItem","position":1,"name":"Startseite","item":"https:\/\/nihoceramics.com\/es\/title\/"},{"@type":"ListItem","position":2,"name":"tienda","item":"https:\/\/nihoceramics.com\/es\/tienda\/"},{"@type":"ListItem","position":3,"name":"Vale de Regalo de 8h"}]},{"@type":"WebSite","@id":"https:\/\/nihoceramics.com\/es\/#website","url":"https:\/\/nihoceramics.com\/es\/","name":"niho Ceramics | Taller de Cer\u00e1mica","description":"Ceramic Art Studio Sant Pere de Ribes, Barcelona","publisher":{"@id":"https:\/\/nihoceramics.com\/es\/#organization"},"alternateName":"niho Ceramics","potentialAction":[{"@type":"SearchAction","target":{"@type":"EntryPoint","urlTemplate":"https:\/\/nihoceramics.com\/es\/?s={search_term_string}"},"query-input":{"@type":"PropertyValueSpecification","valueRequired":true,"valueName":"search_term_string"}}],"inLanguage":"es"},{"@type":"Organization","@id":"https:\/\/nihoceramics.com\/es\/#organization","name":"niho Ceramics | Taller de Cer\u00e1mica","alternateName":"niho Ceramics","url":"https:\/\/nihoceramics.com\/es\/","logo":{"@type":"ImageObject","inLanguage":"es","@id":"https:\/\/nihoceramics.com\/es\/#\/schema\/logo\/image\/","url":"https:\/\/nihoceramics.com\/wp-content\/uploads\/2023\/02\/niho_TallerCeramica-1.png","contentUrl":"https:\/\/nihoceramics.com\/wp-content\/uploads\/2023\/02\/niho_TallerCeramica-1.png","width":596,"height":596,"caption":"niho Ceramics | Taller de Cer\u00e1mica"},"image":{"@id":"https:\/\/nihoceramics.com\/es\/#\/schema\/logo\/image\/"},"sameAs":["https:\/\/www.facebook.com\/niho.ceramics","https:\/\/x.com\/nihoceramics","https:\/\/www.instagram.com\/niho.ceramics\/","https:\/\/www.pinterest.com\/nihoceramics\/"]}]}},"_links":{"self":[{"href":"https:\/\/nihoceramics.com\/es\/wp-json\/wp\/v2\/product\/1449","targetHints":{"allow":["GET"]}}],"collection":[{"href":"https:\/\/nihoceramics.com\/es\/wp-json\/wp\/v2\/product"}],"about":[{"href":"https:\/\/nihoceramics.com\/es\/wp-json\/wp\/v2\/types\/product"}],"wp:featuredmedia":[{"embeddable":true,"href":"https:\/\/nihoceramics.com\/es\/wp-json\/wp\/v2\/media\/1327"}],"wp:attachment":[{"href":"https:\/\/nihoceramics.com\/es\/wp-json\/wp\/v2\/media?parent=1449"}],"wp:term":[{"taxonomy":"product_brand","embeddable":true,"href":"https:\/\/nihoceramics.com\/es\/wp-json\/wp\/v2\/product_brand?post=1449"},{"taxonomy":"product_cat","embeddable":true,"href":"https:\/\/nihoceramics.com\/es\/wp-json\/wp\/v2\/product_cat?post=1449"},{"taxonomy":"product_tag","embeddable":true,"href":"https:\/\/nihoceramics.com\/es\/wp-json\/wp\/v2\/product_tag?post=1449"}],"curies":[{"name":"wp","href":"https:\/\/api.w.org\/{rel}","templated":true}]}}