{"id":1450,"date":"2021-12-15T13:42:34","date_gmt":"2021-12-15T13:42:34","guid":{"rendered":"https:\/\/nihoceramics.com\/products\/set-de-desayuno\/"},"modified":"2025-09-22T16:29:17","modified_gmt":"2025-09-22T15:29:17","slug":"set-desayuno","status":"publish","type":"product","link":"https:\/\/nihoceramics.com\/es\/products\/set-desayuno\/","title":{"rendered":"Set de Desayuno"},"content":{"rendered":"<p class=\"p1\"><b>Crea tu propio set de desayuno<\/b><\/p>\n<p class=\"p1\">Empieza tus ma\u00f1anas con un set de desayuno hecho por ti. En este taller de 4 horas, crear\u00e1s un conjunto de piezas que puede incluir un plato, un bol y una taza, dise\u00f1ados a tu gusto. <\/p>\n<p class=\"p1\">Te acompa\u00f1ar\u00e9 durante todo el proceso, desde dar forma al barro hasta a\u00f1adir detalles que har\u00e1n que tu set sea \u00fanico. No hace falta experiencia previa, solo ganas de crear.  <\/p>\n<p class=\"p1\">Despu\u00e9s del taller, tus piezas quedar\u00e1n en el estudio para secar, esmaltar y cocer. Te avisar\u00e9 cuando est\u00e9n listas para recoger y empezar a usarlas en tu mesa. <\/p>\n<p class=\"p1\">Este taller es ideal para quienes deseen adentrarse en el mundo de la cer\u00e1mica y elaborar una peque\u00f1a collecci\u00f3n de piezas \u00fanicas para el d\u00eda a d\u00eda.<\/p>\n<p class=\"p1\"><b>Duraci\u00f3n:<\/b> 4 horas<\/p>\n<p class=\"p1\"><b>Precio:<\/b> 270 \u20ac (hasta 3 personas) | 75 \u20ac por persona extra<\/p>\n","protected":false},"excerpt":{"rendered":"<h4>Crea tu propio set de desayuno<\/h4>\n<p class=\"p1\">Dise\u00f1a y crea tu propio set de desayuno (plato, bol y taza) en un taller de modelado de 4 horas. <\/p>\n<p><b>Precio:<\/b> 270 \u20ac (hasta 3 personas) | 75 \u20ac por persona extra<\/p>\n","protected":false},"featured_media":1321,"template":"","meta":{"nf_dc_page":"","content-type":""},"product_brand":[],"product_cat":[98,83,87,86],"product_tag":[],"class_list":{"0":"post-1450","1":"product","2":"type-product","3":"status-publish","4":"has-post-thumbnail","6":"product_cat-4h-es","7":"product_cat-cursos","8":"product_cat-modelado","9":"product_cat-workshops-es","11":"first","12":"instock","13":"sold-individually","14":"taxable","15":"shipping-taxable","16":"product-type-variable"},"yoast_head":"<!-- This site is optimized with the Yoast SEO plugin v27.4 - https:\/\/yoast.com\/product\/yoast-seo-wordpress\/ -->\n<title>Set de Desayuno | niho Ceramics Wheel throwing course<\/title>\n<meta name=\"description\" content=\"Curso de modelado, aprende tecnicas de modelado y crea tus propias piezas de cer\u00e1mica en este workshop. Trabaja con churros, planchas y aprende el pellizco y haz piezas de cer\u00e1mica\" \/>\n<meta name=\"robots\" content=\"index, follow, max-snippet:-1, max-image-preview:large, max-video-preview:-1\" \/>\n<link rel=\"canonical\" href=\"https:\/\/nihoceramics.com\/es\/products\/set-desayuno\/\" \/>\n<meta property=\"og:locale\" content=\"es_ES\" \/>\n<meta property=\"og:type\" content=\"article\" \/>\n<meta property=\"og:title\" content=\"Set de Desayuno | niho Ceramics Wheel throwing course\" \/>\n<meta property=\"og:description\" content=\"Curso de modelado, aprende tecnicas de modelado y crea tus propias piezas de cer\u00e1mica en este workshop. Trabaja con churros, planchas y aprende el pellizco y haz piezas de cer\u00e1mica\" \/>\n<meta property=\"og:url\" content=\"https:\/\/nihoceramics.com\/es\/products\/set-desayuno\/\" \/>\n<meta property=\"og:site_name\" content=\"niho Ceramics\" \/>\n<meta property=\"article:publisher\" content=\"https:\/\/www.facebook.com\/niho.ceramics\" \/>\n<meta property=\"article:modified_time\" content=\"2025-09-22T15:29:17+00:00\" \/>\n<meta property=\"og:image\" content=\"https:\/\/nihoceramics.com\/wp-content\/uploads\/2021\/12\/8507D0EB-FC5B-477C-A0BD-FE4A882F3EBD.jpg\" \/>\n\t<meta property=\"og:image:width\" content=\"1200\" \/>\n\t<meta property=\"og:image:height\" content=\"1200\" \/>\n\t<meta property=\"og:image:type\" content=\"image\/jpeg\" \/>\n<meta name=\"twitter:card\" content=\"summary_large_image\" \/>\n<meta name=\"twitter:site\" content=\"@nihoceramics\" \/>\n<meta name=\"twitter:label1\" content=\"Tiempo de lectura\" \/>\n\t<meta name=\"twitter:data1\" content=\"1 minuto\" \/>\n<script type=\"application\/ld+json\" class=\"yoast-schema-graph\">{\"@context\":\"https:\\\/\\\/schema.org\",\"@graph\":[{\"@type\":\"WebPage\",\"@id\":\"https:\\\/\\\/nihoceramics.com\\\/es\\\/products\\\/set-desayuno\\\/\",\"url\":\"https:\\\/\\\/nihoceramics.com\\\/es\\\/products\\\/set-desayuno\\\/\",\"name\":\"Set de Desayuno | niho Ceramics Wheel throwing course\",\"isPartOf\":{\"@id\":\"https:\\\/\\\/nihoceramics.com\\\/es\\\/#website\"},\"primaryImageOfPage\":{\"@id\":\"https:\\\/\\\/nihoceramics.com\\\/es\\\/products\\\/set-desayuno\\\/#primaryimage\"},\"image\":{\"@id\":\"https:\\\/\\\/nihoceramics.com\\\/es\\\/products\\\/set-desayuno\\\/#primaryimage\"},\"thumbnailUrl\":\"https:\\\/\\\/nihoceramics.com\\\/wp-content\\\/uploads\\\/2021\\\/12\\\/8507D0EB-FC5B-477C-A0BD-FE4A882F3EBD.jpg\",\"datePublished\":\"2021-12-15T13:42:34+00:00\",\"dateModified\":\"2025-09-22T15:29:17+00:00\",\"description\":\"Curso de modelado, aprende tecnicas de modelado y crea tus propias piezas de cer\u00e1mica en este workshop. Trabaja con churros, planchas y aprende el pellizco y haz piezas de cer\u00e1mica\",\"breadcrumb\":{\"@id\":\"https:\\\/\\\/nihoceramics.com\\\/es\\\/products\\\/set-desayuno\\\/#breadcrumb\"},\"inLanguage\":\"es\",\"potentialAction\":[{\"@type\":\"ReadAction\",\"target\":[\"https:\\\/\\\/nihoceramics.com\\\/es\\\/products\\\/set-desayuno\\\/\"]}]},{\"@type\":\"ImageObject\",\"inLanguage\":\"es\",\"@id\":\"https:\\\/\\\/nihoceramics.com\\\/es\\\/products\\\/set-desayuno\\\/#primaryimage\",\"url\":\"https:\\\/\\\/nihoceramics.com\\\/wp-content\\\/uploads\\\/2021\\\/12\\\/8507D0EB-FC5B-477C-A0BD-FE4A882F3EBD.jpg\",\"contentUrl\":\"https:\\\/\\\/nihoceramics.com\\\/wp-content\\\/uploads\\\/2021\\\/12\\\/8507D0EB-FC5B-477C-A0BD-FE4A882F3EBD.jpg\",\"width\":1200,\"height\":1200},{\"@type\":\"BreadcrumbList\",\"@id\":\"https:\\\/\\\/nihoceramics.com\\\/es\\\/products\\\/set-desayuno\\\/#breadcrumb\",\"itemListElement\":[{\"@type\":\"ListItem\",\"position\":1,\"name\":\"Startseite\",\"item\":\"https:\\\/\\\/nihoceramics.com\\\/es\\\/title\\\/\"},{\"@type\":\"ListItem\",\"position\":2,\"name\":\"tienda\",\"item\":\"https:\\\/\\\/nihoceramics.com\\\/es\\\/tienda\\\/\"},{\"@type\":\"ListItem\",\"position\":3,\"name\":\"Set de Desayuno\"}]},{\"@type\":\"WebSite\",\"@id\":\"https:\\\/\\\/nihoceramics.com\\\/es\\\/#website\",\"url\":\"https:\\\/\\\/nihoceramics.com\\\/es\\\/\",\"name\":\"niho Ceramics | Taller de Cer\u00e1mica\",\"description\":\"Ceramic Art Studio Sant Pere de Ribes, Barcelona\",\"publisher\":{\"@id\":\"https:\\\/\\\/nihoceramics.com\\\/es\\\/#organization\"},\"alternateName\":\"niho Ceramics\",\"potentialAction\":[{\"@type\":\"SearchAction\",\"target\":{\"@type\":\"EntryPoint\",\"urlTemplate\":\"https:\\\/\\\/nihoceramics.com\\\/es\\\/?s={search_term_string}\"},\"query-input\":{\"@type\":\"PropertyValueSpecification\",\"valueRequired\":true,\"valueName\":\"search_term_string\"}}],\"inLanguage\":\"es\"},{\"@type\":\"Organization\",\"@id\":\"https:\\\/\\\/nihoceramics.com\\\/es\\\/#organization\",\"name\":\"niho Ceramics | Taller de Cer\u00e1mica\",\"alternateName\":\"niho Ceramics\",\"url\":\"https:\\\/\\\/nihoceramics.com\\\/es\\\/\",\"logo\":{\"@type\":\"ImageObject\",\"inLanguage\":\"es\",\"@id\":\"https:\\\/\\\/nihoceramics.com\\\/es\\\/#\\\/schema\\\/logo\\\/image\\\/\",\"url\":\"https:\\\/\\\/nihoceramics.com\\\/wp-content\\\/uploads\\\/2023\\\/02\\\/niho_TallerCeramica-1.png\",\"contentUrl\":\"https:\\\/\\\/nihoceramics.com\\\/wp-content\\\/uploads\\\/2023\\\/02\\\/niho_TallerCeramica-1.png\",\"width\":596,\"height\":596,\"caption\":\"niho Ceramics | Taller de Cer\u00e1mica\"},\"image\":{\"@id\":\"https:\\\/\\\/nihoceramics.com\\\/es\\\/#\\\/schema\\\/logo\\\/image\\\/\"},\"sameAs\":[\"https:\\\/\\\/www.facebook.com\\\/niho.ceramics\",\"https:\\\/\\\/x.com\\\/nihoceramics\",\"https:\\\/\\\/www.instagram.com\\\/niho.ceramics\\\/\",\"https:\\\/\\\/www.pinterest.com\\\/nihoceramics\\\/\"]}]}<\/script>\n<!-- \/ Yoast SEO plugin. -->","yoast_head_json":{"title":"Set de Desayuno | niho Ceramics Wheel throwing course","description":"Curso de modelado, aprende tecnicas de modelado y crea tus propias piezas de cer\u00e1mica en este workshop. Trabaja con churros, planchas y aprende el pellizco y haz piezas de cer\u00e1mica","robots":{"index":"index","follow":"follow","max-snippet":"max-snippet:-1","max-image-preview":"max-image-preview:large","max-video-preview":"max-video-preview:-1"},"canonical":"https:\/\/nihoceramics.com\/es\/products\/set-desayuno\/","og_locale":"es_ES","og_type":"article","og_title":"Set de Desayuno | niho Ceramics Wheel throwing course","og_description":"Curso de modelado, aprende tecnicas de modelado y crea tus propias piezas de cer\u00e1mica en este workshop. Trabaja con churros, planchas y aprende el pellizco y haz piezas de cer\u00e1mica","og_url":"https:\/\/nihoceramics.com\/es\/products\/set-desayuno\/","og_site_name":"niho Ceramics","article_publisher":"https:\/\/www.facebook.com\/niho.ceramics","article_modified_time":"2025-09-22T15:29:17+00:00","og_image":[{"width":1200,"height":1200,"url":"https:\/\/nihoceramics.com\/wp-content\/uploads\/2021\/12\/8507D0EB-FC5B-477C-A0BD-FE4A882F3EBD.jpg","type":"image\/jpeg"}],"twitter_card":"summary_large_image","twitter_site":"@nihoceramics","twitter_misc":{"Tiempo de lectura":"1 minuto"},"schema":{"@context":"https:\/\/schema.org","@graph":[{"@type":"WebPage","@id":"https:\/\/nihoceramics.com\/es\/products\/set-desayuno\/","url":"https:\/\/nihoceramics.com\/es\/products\/set-desayuno\/","name":"Set de Desayuno | niho Ceramics Wheel throwing course","isPartOf":{"@id":"https:\/\/nihoceramics.com\/es\/#website"},"primaryImageOfPage":{"@id":"https:\/\/nihoceramics.com\/es\/products\/set-desayuno\/#primaryimage"},"image":{"@id":"https:\/\/nihoceramics.com\/es\/products\/set-desayuno\/#primaryimage"},"thumbnailUrl":"https:\/\/nihoceramics.com\/wp-content\/uploads\/2021\/12\/8507D0EB-FC5B-477C-A0BD-FE4A882F3EBD.jpg","datePublished":"2021-12-15T13:42:34+00:00","dateModified":"2025-09-22T15:29:17+00:00","description":"Curso de modelado, aprende tecnicas de modelado y crea tus propias piezas de cer\u00e1mica en este workshop. Trabaja con churros, planchas y aprende el pellizco y haz piezas de cer\u00e1mica","breadcrumb":{"@id":"https:\/\/nihoceramics.com\/es\/products\/set-desayuno\/#breadcrumb"},"inLanguage":"es","potentialAction":[{"@type":"ReadAction","target":["https:\/\/nihoceramics.com\/es\/products\/set-desayuno\/"]}]},{"@type":"ImageObject","inLanguage":"es","@id":"https:\/\/nihoceramics.com\/es\/products\/set-desayuno\/#primaryimage","url":"https:\/\/nihoceramics.com\/wp-content\/uploads\/2021\/12\/8507D0EB-FC5B-477C-A0BD-FE4A882F3EBD.jpg","contentUrl":"https:\/\/nihoceramics.com\/wp-content\/uploads\/2021\/12\/8507D0EB-FC5B-477C-A0BD-FE4A882F3EBD.jpg","width":1200,"height":1200},{"@type":"BreadcrumbList","@id":"https:\/\/nihoceramics.com\/es\/products\/set-desayuno\/#breadcrumb","itemListElement":[{"@type":"ListItem","position":1,"name":"Startseite","item":"https:\/\/nihoceramics.com\/es\/title\/"},{"@type":"ListItem","position":2,"name":"tienda","item":"https:\/\/nihoceramics.com\/es\/tienda\/"},{"@type":"ListItem","position":3,"name":"Set de Desayuno"}]},{"@type":"WebSite","@id":"https:\/\/nihoceramics.com\/es\/#website","url":"https:\/\/nihoceramics.com\/es\/","name":"niho Ceramics | Taller de Cer\u00e1mica","description":"Ceramic Art Studio Sant Pere de Ribes, Barcelona","publisher":{"@id":"https:\/\/nihoceramics.com\/es\/#organization"},"alternateName":"niho Ceramics","potentialAction":[{"@type":"SearchAction","target":{"@type":"EntryPoint","urlTemplate":"https:\/\/nihoceramics.com\/es\/?s={search_term_string}"},"query-input":{"@type":"PropertyValueSpecification","valueRequired":true,"valueName":"search_term_string"}}],"inLanguage":"es"},{"@type":"Organization","@id":"https:\/\/nihoceramics.com\/es\/#organization","name":"niho Ceramics | Taller de Cer\u00e1mica","alternateName":"niho Ceramics","url":"https:\/\/nihoceramics.com\/es\/","logo":{"@type":"ImageObject","inLanguage":"es","@id":"https:\/\/nihoceramics.com\/es\/#\/schema\/logo\/image\/","url":"https:\/\/nihoceramics.com\/wp-content\/uploads\/2023\/02\/niho_TallerCeramica-1.png","contentUrl":"https:\/\/nihoceramics.com\/wp-content\/uploads\/2023\/02\/niho_TallerCeramica-1.png","width":596,"height":596,"caption":"niho Ceramics | Taller de Cer\u00e1mica"},"image":{"@id":"https:\/\/nihoceramics.com\/es\/#\/schema\/logo\/image\/"},"sameAs":["https:\/\/www.facebook.com\/niho.ceramics","https:\/\/x.com\/nihoceramics","https:\/\/www.instagram.com\/niho.ceramics\/","https:\/\/www.pinterest.com\/nihoceramics\/"]}]}},"_links":{"self":[{"href":"https:\/\/nihoceramics.com\/es\/wp-json\/wp\/v2\/product\/1450","targetHints":{"allow":["GET"]}}],"collection":[{"href":"https:\/\/nihoceramics.com\/es\/wp-json\/wp\/v2\/product"}],"about":[{"href":"https:\/\/nihoceramics.com\/es\/wp-json\/wp\/v2\/types\/product"}],"wp:featuredmedia":[{"embeddable":true,"href":"https:\/\/nihoceramics.com\/es\/wp-json\/wp\/v2\/media\/1321"}],"wp:attachment":[{"href":"https:\/\/nihoceramics.com\/es\/wp-json\/wp\/v2\/media?parent=1450"}],"wp:term":[{"taxonomy":"product_brand","embeddable":true,"href":"https:\/\/nihoceramics.com\/es\/wp-json\/wp\/v2\/product_brand?post=1450"},{"taxonomy":"product_cat","embeddable":true,"href":"https:\/\/nihoceramics.com\/es\/wp-json\/wp\/v2\/product_cat?post=1450"},{"taxonomy":"product_tag","embeddable":true,"href":"https:\/\/nihoceramics.com\/es\/wp-json\/wp\/v2\/product_tag?post=1450"}],"curies":[{"name":"wp","href":"https:\/\/api.w.org\/{rel}","templated":true}]}}