{"id":1451,"date":"2021-12-15T08:14:23","date_gmt":"2021-12-15T08:14:23","guid":{"rendered":"https:\/\/nihoceramics.com\/products\/crea-una-taza\/"},"modified":"2025-09-22T16:01:13","modified_gmt":"2025-09-22T15:01:13","slug":"taza","status":"publish","type":"product","link":"https:\/\/nihoceramics.com\/es\/products\/taza\/","title":{"rendered":"Crea una Taza"},"content":{"rendered":"<p class=\"p1\"><b>Crea tu Taza Workshop<\/b><\/p>\n<p class=\"p1\">No hay nada como disfrutar tu caf\u00e9 o t\u00e9 en una taza hecha por ti mismo. En este taller de 2 horas, aprender\u00e1s las bases de la cer\u00e1mica mientras creas una taza \u00fanica y funcional que refleje tu estilo personal. <\/p>\n<p class=\"p1\">Te guiar\u00e9 paso a paso en el proceso de dar forma al barro y a\u00f1adir tus propios detalles. No necesitas experiencia previa: solo curiosidad y ganas de experimentar. <\/p>\n<p class=\"p1\">Tras la sesi\u00f3n, tu pieza permanecer\u00e1 en el taller para secar, esmaltar y cocer. Cuando est\u00e9 lista, te avisar\u00e9 para que la recojas y puedas disfrutar de tu creaci\u00f3n en casa. <\/p>\n<p class=\"p1\">Este taller es perfecto para familias, parejas o grupos de amigos que quieran explorar la cer\u00e1mica de una manera divertida y relajada.<\/p>\n<p class=\"p1\"><b>Duraci\u00f3n: <\/b>2 horas<\/p>\n<p class=\"p1\"><b>Precio:<\/b> 150 \u20ac (hasta 3 personas) | 45 \u20ac por persona extra<\/p>\n","protected":false},"excerpt":{"rendered":"<h4>Crea tu taza<\/h4>\n<p class=\"p1\">Crea tu propia taza en un taller de 2 horas: una experiencia divertida y creativa para principiantes y avanzados.<\/p>\n<p class=\"p1\"><b>Precio:<\/b> 150 \u20ac (hasta 3 personas) | 45 \u20ac por persona extra<\/p>\n","protected":false},"featured_media":1357,"template":"","meta":{"nf_dc_page":"","content-type":""},"product_brand":[],"product_cat":[82,83,87,86],"product_tag":[],"class_list":{"0":"post-1451","1":"product","2":"type-product","3":"status-publish","4":"has-post-thumbnail","6":"product_cat-2h-es","7":"product_cat-cursos","8":"product_cat-modelado","9":"product_cat-workshops-es","11":"first","12":"instock","13":"sold-individually","14":"taxable","15":"shipping-taxable","16":"purchasable","17":"product-type-variable"},"yoast_head":"<!-- This site is optimized with the Yoast SEO plugin v27.4 - https:\/\/yoast.com\/product\/yoast-seo-wordpress\/ -->\n<title>Crea una Taza | niho Ceramics Curso de torno alfarero<\/title>\n<meta name=\"description\" content=\"Curso de torno alfarero, aprende a tornear el barro en el torno alfarero en este curso de iniciaci\u00f3n. Centra el barro, sube el barro para hacer un clilindro, haz bols, platos, tazas y mas\" \/>\n<meta name=\"robots\" content=\"index, follow, max-snippet:-1, max-image-preview:large, max-video-preview:-1\" \/>\n<link rel=\"canonical\" href=\"https:\/\/nihoceramics.com\/es\/products\/taza\/\" \/>\n<meta property=\"og:locale\" content=\"es_ES\" \/>\n<meta property=\"og:type\" content=\"article\" \/>\n<meta property=\"og:title\" content=\"Crea una Taza | niho Ceramics Curso de torno alfarero\" \/>\n<meta property=\"og:description\" content=\"Curso de torno alfarero, aprende a tornear el barro en el torno alfarero en este curso de iniciaci\u00f3n. Centra el barro, sube el barro para hacer un clilindro, haz bols, platos, tazas y mas\" \/>\n<meta property=\"og:url\" content=\"https:\/\/nihoceramics.com\/es\/products\/taza\/\" \/>\n<meta property=\"og:site_name\" content=\"niho Ceramics\" \/>\n<meta property=\"article:publisher\" content=\"https:\/\/www.facebook.com\/niho.ceramics\" \/>\n<meta property=\"article:modified_time\" content=\"2025-09-22T15:01:13+00:00\" \/>\n<meta property=\"og:image\" content=\"https:\/\/nihoceramics.com\/wp-content\/uploads\/2021\/12\/IMG_0827_1200x1200.jpg\" \/>\n\t<meta property=\"og:image:width\" content=\"1200\" \/>\n\t<meta property=\"og:image:height\" content=\"1200\" \/>\n\t<meta property=\"og:image:type\" content=\"image\/jpeg\" \/>\n<meta name=\"twitter:card\" content=\"summary_large_image\" \/>\n<meta name=\"twitter:site\" content=\"@nihoceramics\" \/>\n<meta name=\"twitter:label1\" content=\"Tiempo de lectura\" \/>\n\t<meta name=\"twitter:data1\" content=\"1 minuto\" \/>\n<script type=\"application\/ld+json\" class=\"yoast-schema-graph\">{\"@context\":\"https:\\\/\\\/schema.org\",\"@graph\":[{\"@type\":\"WebPage\",\"@id\":\"https:\\\/\\\/nihoceramics.com\\\/es\\\/products\\\/taza\\\/\",\"url\":\"https:\\\/\\\/nihoceramics.com\\\/es\\\/products\\\/taza\\\/\",\"name\":\"Crea una Taza | niho Ceramics Curso de torno alfarero\",\"isPartOf\":{\"@id\":\"https:\\\/\\\/nihoceramics.com\\\/es\\\/#website\"},\"primaryImageOfPage\":{\"@id\":\"https:\\\/\\\/nihoceramics.com\\\/es\\\/products\\\/taza\\\/#primaryimage\"},\"image\":{\"@id\":\"https:\\\/\\\/nihoceramics.com\\\/es\\\/products\\\/taza\\\/#primaryimage\"},\"thumbnailUrl\":\"https:\\\/\\\/nihoceramics.com\\\/wp-content\\\/uploads\\\/2021\\\/12\\\/IMG_0827_1200x1200.jpg\",\"datePublished\":\"2021-12-15T08:14:23+00:00\",\"dateModified\":\"2025-09-22T15:01:13+00:00\",\"description\":\"Curso de torno alfarero, aprende a tornear el barro en el torno alfarero en este curso de iniciaci\u00f3n. Centra el barro, sube el barro para hacer un clilindro, haz bols, platos, tazas y mas\",\"breadcrumb\":{\"@id\":\"https:\\\/\\\/nihoceramics.com\\\/es\\\/products\\\/taza\\\/#breadcrumb\"},\"inLanguage\":\"es\",\"potentialAction\":[{\"@type\":\"ReadAction\",\"target\":[\"https:\\\/\\\/nihoceramics.com\\\/es\\\/products\\\/taza\\\/\"]}]},{\"@type\":\"ImageObject\",\"inLanguage\":\"es\",\"@id\":\"https:\\\/\\\/nihoceramics.com\\\/es\\\/products\\\/taza\\\/#primaryimage\",\"url\":\"https:\\\/\\\/nihoceramics.com\\\/wp-content\\\/uploads\\\/2021\\\/12\\\/IMG_0827_1200x1200.jpg\",\"contentUrl\":\"https:\\\/\\\/nihoceramics.com\\\/wp-content\\\/uploads\\\/2021\\\/12\\\/IMG_0827_1200x1200.jpg\",\"width\":1200,\"height\":1200},{\"@type\":\"BreadcrumbList\",\"@id\":\"https:\\\/\\\/nihoceramics.com\\\/es\\\/products\\\/taza\\\/#breadcrumb\",\"itemListElement\":[{\"@type\":\"ListItem\",\"position\":1,\"name\":\"Startseite\",\"item\":\"https:\\\/\\\/nihoceramics.com\\\/es\\\/title\\\/\"},{\"@type\":\"ListItem\",\"position\":2,\"name\":\"tienda\",\"item\":\"https:\\\/\\\/nihoceramics.com\\\/es\\\/tienda\\\/\"},{\"@type\":\"ListItem\",\"position\":3,\"name\":\"Crea una Taza\"}]},{\"@type\":\"WebSite\",\"@id\":\"https:\\\/\\\/nihoceramics.com\\\/es\\\/#website\",\"url\":\"https:\\\/\\\/nihoceramics.com\\\/es\\\/\",\"name\":\"niho Ceramics | Taller de Cer\u00e1mica\",\"description\":\"Ceramic Art Studio Sant Pere de Ribes, Barcelona\",\"publisher\":{\"@id\":\"https:\\\/\\\/nihoceramics.com\\\/es\\\/#organization\"},\"alternateName\":\"niho Ceramics\",\"potentialAction\":[{\"@type\":\"SearchAction\",\"target\":{\"@type\":\"EntryPoint\",\"urlTemplate\":\"https:\\\/\\\/nihoceramics.com\\\/es\\\/?s={search_term_string}\"},\"query-input\":{\"@type\":\"PropertyValueSpecification\",\"valueRequired\":true,\"valueName\":\"search_term_string\"}}],\"inLanguage\":\"es\"},{\"@type\":\"Organization\",\"@id\":\"https:\\\/\\\/nihoceramics.com\\\/es\\\/#organization\",\"name\":\"niho Ceramics | Taller de Cer\u00e1mica\",\"alternateName\":\"niho Ceramics\",\"url\":\"https:\\\/\\\/nihoceramics.com\\\/es\\\/\",\"logo\":{\"@type\":\"ImageObject\",\"inLanguage\":\"es\",\"@id\":\"https:\\\/\\\/nihoceramics.com\\\/es\\\/#\\\/schema\\\/logo\\\/image\\\/\",\"url\":\"https:\\\/\\\/nihoceramics.com\\\/wp-content\\\/uploads\\\/2023\\\/02\\\/niho_TallerCeramica-1.png\",\"contentUrl\":\"https:\\\/\\\/nihoceramics.com\\\/wp-content\\\/uploads\\\/2023\\\/02\\\/niho_TallerCeramica-1.png\",\"width\":596,\"height\":596,\"caption\":\"niho Ceramics | Taller de Cer\u00e1mica\"},\"image\":{\"@id\":\"https:\\\/\\\/nihoceramics.com\\\/es\\\/#\\\/schema\\\/logo\\\/image\\\/\"},\"sameAs\":[\"https:\\\/\\\/www.facebook.com\\\/niho.ceramics\",\"https:\\\/\\\/x.com\\\/nihoceramics\",\"https:\\\/\\\/www.instagram.com\\\/niho.ceramics\\\/\",\"https:\\\/\\\/www.pinterest.com\\\/nihoceramics\\\/\"]}]}<\/script>\n<!-- \/ Yoast SEO plugin. -->","yoast_head_json":{"title":"Crea una Taza | niho Ceramics Curso de torno alfarero","description":"Curso de torno alfarero, aprende a tornear el barro en el torno alfarero en este curso de iniciaci\u00f3n. Centra el barro, sube el barro para hacer un clilindro, haz bols, platos, tazas y mas","robots":{"index":"index","follow":"follow","max-snippet":"max-snippet:-1","max-image-preview":"max-image-preview:large","max-video-preview":"max-video-preview:-1"},"canonical":"https:\/\/nihoceramics.com\/es\/products\/taza\/","og_locale":"es_ES","og_type":"article","og_title":"Crea una Taza | niho Ceramics Curso de torno alfarero","og_description":"Curso de torno alfarero, aprende a tornear el barro en el torno alfarero en este curso de iniciaci\u00f3n. Centra el barro, sube el barro para hacer un clilindro, haz bols, platos, tazas y mas","og_url":"https:\/\/nihoceramics.com\/es\/products\/taza\/","og_site_name":"niho Ceramics","article_publisher":"https:\/\/www.facebook.com\/niho.ceramics","article_modified_time":"2025-09-22T15:01:13+00:00","og_image":[{"width":1200,"height":1200,"url":"https:\/\/nihoceramics.com\/wp-content\/uploads\/2021\/12\/IMG_0827_1200x1200.jpg","type":"image\/jpeg"}],"twitter_card":"summary_large_image","twitter_site":"@nihoceramics","twitter_misc":{"Tiempo de lectura":"1 minuto"},"schema":{"@context":"https:\/\/schema.org","@graph":[{"@type":"WebPage","@id":"https:\/\/nihoceramics.com\/es\/products\/taza\/","url":"https:\/\/nihoceramics.com\/es\/products\/taza\/","name":"Crea una Taza | niho Ceramics Curso de torno alfarero","isPartOf":{"@id":"https:\/\/nihoceramics.com\/es\/#website"},"primaryImageOfPage":{"@id":"https:\/\/nihoceramics.com\/es\/products\/taza\/#primaryimage"},"image":{"@id":"https:\/\/nihoceramics.com\/es\/products\/taza\/#primaryimage"},"thumbnailUrl":"https:\/\/nihoceramics.com\/wp-content\/uploads\/2021\/12\/IMG_0827_1200x1200.jpg","datePublished":"2021-12-15T08:14:23+00:00","dateModified":"2025-09-22T15:01:13+00:00","description":"Curso de torno alfarero, aprende a tornear el barro en el torno alfarero en este curso de iniciaci\u00f3n. Centra el barro, sube el barro para hacer un clilindro, haz bols, platos, tazas y mas","breadcrumb":{"@id":"https:\/\/nihoceramics.com\/es\/products\/taza\/#breadcrumb"},"inLanguage":"es","potentialAction":[{"@type":"ReadAction","target":["https:\/\/nihoceramics.com\/es\/products\/taza\/"]}]},{"@type":"ImageObject","inLanguage":"es","@id":"https:\/\/nihoceramics.com\/es\/products\/taza\/#primaryimage","url":"https:\/\/nihoceramics.com\/wp-content\/uploads\/2021\/12\/IMG_0827_1200x1200.jpg","contentUrl":"https:\/\/nihoceramics.com\/wp-content\/uploads\/2021\/12\/IMG_0827_1200x1200.jpg","width":1200,"height":1200},{"@type":"BreadcrumbList","@id":"https:\/\/nihoceramics.com\/es\/products\/taza\/#breadcrumb","itemListElement":[{"@type":"ListItem","position":1,"name":"Startseite","item":"https:\/\/nihoceramics.com\/es\/title\/"},{"@type":"ListItem","position":2,"name":"tienda","item":"https:\/\/nihoceramics.com\/es\/tienda\/"},{"@type":"ListItem","position":3,"name":"Crea una Taza"}]},{"@type":"WebSite","@id":"https:\/\/nihoceramics.com\/es\/#website","url":"https:\/\/nihoceramics.com\/es\/","name":"niho Ceramics | Taller de Cer\u00e1mica","description":"Ceramic Art Studio Sant Pere de Ribes, Barcelona","publisher":{"@id":"https:\/\/nihoceramics.com\/es\/#organization"},"alternateName":"niho Ceramics","potentialAction":[{"@type":"SearchAction","target":{"@type":"EntryPoint","urlTemplate":"https:\/\/nihoceramics.com\/es\/?s={search_term_string}"},"query-input":{"@type":"PropertyValueSpecification","valueRequired":true,"valueName":"search_term_string"}}],"inLanguage":"es"},{"@type":"Organization","@id":"https:\/\/nihoceramics.com\/es\/#organization","name":"niho Ceramics | Taller de Cer\u00e1mica","alternateName":"niho Ceramics","url":"https:\/\/nihoceramics.com\/es\/","logo":{"@type":"ImageObject","inLanguage":"es","@id":"https:\/\/nihoceramics.com\/es\/#\/schema\/logo\/image\/","url":"https:\/\/nihoceramics.com\/wp-content\/uploads\/2023\/02\/niho_TallerCeramica-1.png","contentUrl":"https:\/\/nihoceramics.com\/wp-content\/uploads\/2023\/02\/niho_TallerCeramica-1.png","width":596,"height":596,"caption":"niho Ceramics | Taller de Cer\u00e1mica"},"image":{"@id":"https:\/\/nihoceramics.com\/es\/#\/schema\/logo\/image\/"},"sameAs":["https:\/\/www.facebook.com\/niho.ceramics","https:\/\/x.com\/nihoceramics","https:\/\/www.instagram.com\/niho.ceramics\/","https:\/\/www.pinterest.com\/nihoceramics\/"]}]}},"_links":{"self":[{"href":"https:\/\/nihoceramics.com\/es\/wp-json\/wp\/v2\/product\/1451","targetHints":{"allow":["GET"]}}],"collection":[{"href":"https:\/\/nihoceramics.com\/es\/wp-json\/wp\/v2\/product"}],"about":[{"href":"https:\/\/nihoceramics.com\/es\/wp-json\/wp\/v2\/types\/product"}],"wp:featuredmedia":[{"embeddable":true,"href":"https:\/\/nihoceramics.com\/es\/wp-json\/wp\/v2\/media\/1357"}],"wp:attachment":[{"href":"https:\/\/nihoceramics.com\/es\/wp-json\/wp\/v2\/media?parent=1451"}],"wp:term":[{"taxonomy":"product_brand","embeddable":true,"href":"https:\/\/nihoceramics.com\/es\/wp-json\/wp\/v2\/product_brand?post=1451"},{"taxonomy":"product_cat","embeddable":true,"href":"https:\/\/nihoceramics.com\/es\/wp-json\/wp\/v2\/product_cat?post=1451"},{"taxonomy":"product_tag","embeddable":true,"href":"https:\/\/nihoceramics.com\/es\/wp-json\/wp\/v2\/product_tag?post=1451"}],"curies":[{"name":"wp","href":"https:\/\/api.w.org\/{rel}","templated":true}]}}